{"id":801,"date":"2023-11-30T00:24:55","date_gmt":"2023-11-29T23:24:55","guid":{"rendered":"https:\/\/www.v-tools.es\/producto\/amistades\/"},"modified":"2025-04-22T15:48:30","modified_gmt":"2025-04-22T13:48:30","slug":"amistats","status":"publish","type":"product","link":"https:\/\/www.v-tools.es\/ca\/producto\/amistats\/","title":{"rendered":"Amistats"},"content":{"rendered":"<p class=\"\" data-start=\"198\" data-end=\"613\"><span style=\"color: #000000;\">Aquesta sessi\u00f3 immersiva en Realitat Virtual se centra en el primer esgla\u00f3 de l\u2019escala de la viol\u00e8ncia de g\u00e8nere, desenvolupada per Carmen Ru\u00edz Repullo, a trav\u00e9s de la hist\u00f2ria de la Pepa i el Pepe. Aquesta narrativa mostra de manera clara com la viol\u00e8ncia de g\u00e8nere no comen\u00e7a amb agressions f\u00edsiques, sin\u00f3 que aquestes s\u00f3n la fase final i m\u00e9s visible d\u2019un proc\u00e9s progressiu de control i manipulaci\u00f3 emocional.<\/span><\/p>\n<p class=\"\" data-start=\"615\" data-end=\"1072\"><span style=\"color: #000000;\">L\u2019activitat visibilitza actituds com la gelosia, el control del m\u00f2bil i les xarxes socials, l\u2019a\u00efllament de les amistats o la fiscalitzaci\u00f3 de la roba i la sexualitat. En aquest context, la sessi\u00f3 posa especial \u00e8mfasi en la import\u00e0ncia de les amistats com a xarxa de suport i alerta davant l\u2019a\u00efllament progressiu.\u00a0<\/span><\/p>\n<p class=\"\" data-start=\"1074\" data-end=\"1326\"><span style=\"color: #000000;\">Mitjan\u00e7ant la Realitat Virtual, les persones participants poden experimentar com es generen aquestes din\u00e0miques de control, recon\u00e8ixer els primers senyals i prendre consci\u00e8ncia de la import\u00e0ncia del respecte i la llibertat dins les relacions afectives.<\/span><\/p>\n<p class=\"\" data-start=\"1328\" data-end=\"1365\"><span style=\"color: #000000;\">Objectius de la sessi\u00f3 immersiva:<\/span><\/p>\n<p class=\"\" style=\"padding-left: 40px;\" data-start=\"1369\" data-end=\"1439\"><span style=\"color: #000000;\">Visibilitzar les formes subtils i inicials de la viol\u00e8ncia de g\u00e8nere<\/span><\/p>\n<p class=\"\" style=\"padding-left: 40px;\" data-start=\"1442\" data-end=\"1504\"><span style=\"color: #000000;\">Desmuntar mites sobre l\u2019amor rom\u00e0ntic i el control emocional<\/span><\/p>\n<p class=\"\" style=\"padding-left: 40px;\" data-start=\"1507\" data-end=\"1575\"><span style=\"color: #000000;\">Identificar els primers senyals d\u2019alerta en les relacions abusives<\/span><\/p>\n<p class=\"\" style=\"padding-left: 40px;\" data-start=\"1578\" data-end=\"1647\"><span style=\"color: #000000;\">Refor\u00e7ar el valor de les amistats com a xarxa de protecci\u00f3 i suport<\/span><\/p>\n<p class=\"\" style=\"padding-left: 40px;\" data-start=\"1650\" data-end=\"1731\"><span style=\"color: #000000;\">Promoure relacions afectives basades en el respecte, la llibertat i la igualtat<\/span><\/p>\n<p class=\"\" data-start=\"1733\" data-end=\"1872\"><span style=\"color: #000000;\">Una proposta educativa innovadora, recomanada per a centres educatius, tallers de conviv\u00e8ncia i accions de sensibilitzaci\u00f3 per a joves.<\/span><\/p>\n","protected":false},"excerpt":{"rendered":"<p>Aquesta sessi\u00f3 immersiva en Realitat Virtual se centra en el primer esgla\u00f3 de l\u2019escala de la viol\u00e8ncia de g\u00e8nere, desenvolupada per Carmen Ru\u00edz Repullo, a trav\u00e9s de la hist\u00f2ria de la Pepa i el Pepe. Aquesta narrativa mostra de manera clara com la viol\u00e8ncia de g\u00e8nere no comen\u00e7a amb agressions f\u00edsiques, sin\u00f3 que aquestes s\u00f3n [&hellip;]<\/p>\n","protected":false},"featured_media":1032,"comment_status":"open","ping_status":"closed","template":"","meta":{"_acf_changed":false},"product_brand":[],"product_cat":[25],"product_tag":[],"class_list":{"0":"post-801","1":"product","2":"type-product","3":"status-publish","4":"has-post-thumbnail","6":"product_cat-violencia-de-genere","8":"first","9":"instock","10":"downloadable","11":"virtual","12":"sold-individually","13":"taxable","14":"purchasable","15":"product-type-simple"},"acf":[],"_links":{"self":[{"href":"https:\/\/www.v-tools.es\/ca\/wp-json\/wp\/v2\/product\/801","targetHints":{"allow":["GET"]}}],"collection":[{"href":"https:\/\/www.v-tools.es\/ca\/wp-json\/wp\/v2\/product"}],"about":[{"href":"https:\/\/www.v-tools.es\/ca\/wp-json\/wp\/v2\/types\/product"}],"replies":[{"embeddable":true,"href":"https:\/\/www.v-tools.es\/ca\/wp-json\/wp\/v2\/comments?post=801"}],"wp:featuredmedia":[{"embeddable":true,"href":"https:\/\/www.v-tools.es\/ca\/wp-json\/wp\/v2\/media\/1032"}],"wp:attachment":[{"href":"https:\/\/www.v-tools.es\/ca\/wp-json\/wp\/v2\/media?parent=801"}],"wp:term":[{"taxonomy":"product_brand","embeddable":true,"href":"https:\/\/www.v-tools.es\/ca\/wp-json\/wp\/v2\/product_brand?post=801"},{"taxonomy":"product_cat","embeddable":true,"href":"https:\/\/www.v-tools.es\/ca\/wp-json\/wp\/v2\/product_cat?post=801"},{"taxonomy":"product_tag","embeddable":true,"href":"https:\/\/www.v-tools.es\/ca\/wp-json\/wp\/v2\/product_tag?post=801"}],"curies":[{"name":"wp","href":"https:\/\/api.w.org\/{rel}","templated":true}]}}