{"id":800,"date":"2023-11-29T12:51:01","date_gmt":"2023-11-29T11:51:01","guid":{"rendered":"https:\/\/www.v-tools.es\/producto\/control-telefonico\/"},"modified":"2025-04-22T15:51:48","modified_gmt":"2025-04-22T13:51:48","slug":"control-telefonic","status":"publish","type":"product","link":"https:\/\/www.v-tools.es\/ca\/producto\/control-telefonic\/","title":{"rendered":"Control telef\u00f2nic"},"content":{"rendered":"<p class=\"\" data-start=\"272\" data-end=\"630\"><span style=\"color: #000000;\">Aquesta sessi\u00f3 immersiva en Realitat Virtual se centra en el segon esgla\u00f3 de l\u2019escala de la viol\u00e8ncia de g\u00e8nere, desenvolupada per Carmen Ru\u00edz Repullo, a trav\u00e9s de la hist\u00f2ria de la Pepa i el Pepe. L\u2019activitat mostra com el control emocional pot exercir-se de manera subtil a trav\u00e9s del tel\u00e8fon m\u00f2bil, les xarxes socials i les aplicacions de missatgeria.<\/span><\/p>\n<p class=\"\" data-start=\"632\" data-end=\"991\"><span style=\"color: #000000;\">Aquestes conductes com missatges constants, trucades insistents o videotrucades inesperades poden semblar mostres d\u2019inter\u00e8s, per\u00f2 sovint amaguen un desig de possessi\u00f3 i vigil\u00e0ncia. La sessi\u00f3 desmunta la falsa creen\u00e7a que l\u2019amor veritable implica estar en contacte permanent, i convida a reflexionar sobre com aquest control condiciona la llibertat personal.<\/span><\/p>\n<p class=\"\" data-start=\"993\" data-end=\"1214\"><span style=\"color: #000000;\">Mitjan\u00e7ant la Realitat Virtual, les persones participants poden viure en primera persona la pressi\u00f3 que genera aquest tipus de relaci\u00f3, i identificar els senyals que apunten a una din\u00e0mica de control disfressada d\u2019afecte.<\/span><\/p>\n<p class=\"\" data-start=\"1221\" data-end=\"1258\"><span style=\"color: #000000;\">Objectius de la sessi\u00f3 immersiva:<\/span><\/p>\n<p class=\"\" style=\"padding-left: 40px;\" data-start=\"1221\" data-end=\"1258\"><span style=\"color: #000000;\">Visibilitzar el control telef\u00f2nic com a forma de viol\u00e8ncia de g\u00e8nere<\/span><\/p>\n<p class=\"\" style=\"padding-left: 40px;\" data-start=\"1221\" data-end=\"1258\"><span style=\"color: #000000;\">Desmuntar la idea que el control \u00e9s una mostra d\u2019amor o d\u2019inter\u00e8s<\/span><\/p>\n<p class=\"\" style=\"padding-left: 40px;\" data-start=\"1221\" data-end=\"1258\"><span style=\"color: #000000;\">Identificar actituds de possessi\u00f3 i depend\u00e8ncia emocional<\/span><\/p>\n<p class=\"\" style=\"padding-left: 40px;\" data-start=\"1221\" data-end=\"1258\"><span style=\"color: #000000;\">Reflexionar sobre l\u2019\u00fas del m\u00f2bil i les xarxes en relacions afectives<\/span><\/p>\n<p class=\"\" style=\"padding-left: 40px;\" data-start=\"1221\" data-end=\"1258\"><span style=\"color: #000000;\">Promoure relacions basades en la confian\u00e7a, la llibertat i el respecte<\/span><\/p>\n<p class=\"\" data-start=\"1614\" data-end=\"1753\"><span style=\"color: #000000;\">Una proposta educativa innovadora, recomanada per a centres educatius, tallers de conviv\u00e8ncia i accions de sensibilitzaci\u00f3 per a joves.<\/span><\/p>\n","protected":false},"excerpt":{"rendered":"<p>Aquesta sessi\u00f3 immersiva en Realitat Virtual se centra en el segon esgla\u00f3 de l\u2019escala de la viol\u00e8ncia de g\u00e8nere, desenvolupada per Carmen Ru\u00edz Repullo, a trav\u00e9s de la hist\u00f2ria de la Pepa i el Pepe. L\u2019activitat mostra com el control emocional pot exercir-se de manera subtil a trav\u00e9s del tel\u00e8fon m\u00f2bil, les xarxes socials i [&hellip;]<\/p>\n","protected":false},"featured_media":1034,"comment_status":"open","ping_status":"closed","template":"","meta":{"_acf_changed":false},"product_brand":[],"product_cat":[25],"product_tag":[],"class_list":{"0":"post-800","1":"product","2":"type-product","3":"status-publish","4":"has-post-thumbnail","6":"product_cat-violencia-de-genere","8":"first","9":"instock","10":"downloadable","11":"virtual","12":"sold-individually","13":"taxable","14":"purchasable","15":"product-type-simple"},"acf":[],"_links":{"self":[{"href":"https:\/\/www.v-tools.es\/ca\/wp-json\/wp\/v2\/product\/800","targetHints":{"allow":["GET"]}}],"collection":[{"href":"https:\/\/www.v-tools.es\/ca\/wp-json\/wp\/v2\/product"}],"about":[{"href":"https:\/\/www.v-tools.es\/ca\/wp-json\/wp\/v2\/types\/product"}],"replies":[{"embeddable":true,"href":"https:\/\/www.v-tools.es\/ca\/wp-json\/wp\/v2\/comments?post=800"}],"wp:featuredmedia":[{"embeddable":true,"href":"https:\/\/www.v-tools.es\/ca\/wp-json\/wp\/v2\/media\/1034"}],"wp:attachment":[{"href":"https:\/\/www.v-tools.es\/ca\/wp-json\/wp\/v2\/media?parent=800"}],"wp:term":[{"taxonomy":"product_brand","embeddable":true,"href":"https:\/\/www.v-tools.es\/ca\/wp-json\/wp\/v2\/product_brand?post=800"},{"taxonomy":"product_cat","embeddable":true,"href":"https:\/\/www.v-tools.es\/ca\/wp-json\/wp\/v2\/product_cat?post=800"},{"taxonomy":"product_tag","embeddable":true,"href":"https:\/\/www.v-tools.es\/ca\/wp-json\/wp\/v2\/product_tag?post=800"}],"curies":[{"name":"wp","href":"https:\/\/api.w.org\/{rel}","templated":true}]}}