{"id":799,"date":"2023-11-28T12:51:57","date_gmt":"2023-11-28T11:51:57","guid":{"rendered":"https:\/\/www.v-tools.es\/producto\/hobbies\/"},"modified":"2025-04-22T16:02:42","modified_gmt":"2025-04-22T14:02:42","slug":"hobbies","status":"publish","type":"product","link":"https:\/\/www.v-tools.es\/ca\/producto\/hobbies\/","title":{"rendered":"Hobbies"},"content":{"rendered":"<p class=\"\" data-start=\"229\" data-end=\"583\"><span style=\"color: #000000;\">Aquesta sessi\u00f3 immersiva en Realitat Virtual se centra en el tercer esgla\u00f3 de l\u2019escala de la viol\u00e8ncia de g\u00e8nere, desenvolupada per Carmen Ru\u00edz Repullo, a trav\u00e9s de la hist\u00f2ria de la Pepa i el Pepe. L\u2019activitat posa el focus en el xantatge emocional, una forma de control subtil que fa sentir culpable la parella per voler dedicar temps a si mateixa.<\/span><\/p>\n<p class=\"\" data-start=\"585\" data-end=\"928\"><span style=\"color: #000000;\">Aquest tipus de pressi\u00f3 emocional es manifesta quan es renuncien a aficions o espais personals per no decebre l\u2019altra persona. \u00c9s una din\u00e0mica molt present en l\u2019adolesc\u00e8ncia, moment clau en la construcci\u00f3 de la identitat i la llibertat individual. Tot i ser poc visible, aquest mecanisme limita profundament l\u2019autonomia de la persona afectada.<\/span><\/p>\n<p class=\"\" data-start=\"930\" data-end=\"1126\"><span style=\"color: #000000;\">Mitjan\u00e7ant la Realitat Virtual, les persones participants poden experimentar com aquest xantatge afecta el benestar emocional i aprendre a identificar els senyals d\u2019un control disfressat d\u2019afecte.<\/span><\/p>\n<p class=\"\" data-start=\"1133\" data-end=\"1170\"><span style=\"color: #000000;\">Objectius de la sessi\u00f3 immersiva:<\/span><\/p>\n<p class=\"\" style=\"padding-left: 40px;\" data-start=\"1174\" data-end=\"1247\"><span style=\"color: #000000;\">Visibilitzar el xantatge emocional com a forma de control en la parella<\/span><\/p>\n<p class=\"\" style=\"padding-left: 40px;\" data-start=\"1250\" data-end=\"1311\"><span style=\"color: #000000;\">Recon\u00e8ixer com aquest mecanisme afecta l\u2019autonomia personal<\/span><\/p>\n<p class=\"\" style=\"padding-left: 40px;\" data-start=\"1314\" data-end=\"1379\"><span style=\"color: #000000;\">Desmuntar la idea que renunciar a aficions \u00e9s una mostra d\u2019amor<\/span><\/p>\n<p class=\"\" style=\"padding-left: 40px;\" data-start=\"1382\" data-end=\"1458\"><span style=\"color: #000000;\">Reflexionar sobre la import\u00e0ncia de mantenir espais propis dins la relaci\u00f3<\/span><\/p>\n<p class=\"\" style=\"padding-left: 40px;\" data-start=\"1461\" data-end=\"1544\"><span style=\"color: #000000;\">Promoure relacions afectives basades en la llibertat, el respecte i el creixement<\/span><\/p>\n<p class=\"\" data-start=\"1546\" data-end=\"1685\"><span style=\"color: #000000;\">Una proposta educativa innovadora, recomanada per a centres educatius, tallers de conviv\u00e8ncia i accions de sensibilitzaci\u00f3 per a joves<\/span><strong>.<\/strong><\/p>\n","protected":false},"excerpt":{"rendered":"<p>Aquesta sessi\u00f3 immersiva en Realitat Virtual se centra en el tercer esgla\u00f3 de l\u2019escala de la viol\u00e8ncia de g\u00e8nere, desenvolupada per Carmen Ru\u00edz Repullo, a trav\u00e9s de la hist\u00f2ria de la Pepa i el Pepe. L\u2019activitat posa el focus en el xantatge emocional, una forma de control subtil que fa sentir culpable la parella per [&hellip;]<\/p>\n","protected":false},"featured_media":1036,"comment_status":"open","ping_status":"closed","template":"","meta":{"_acf_changed":false},"product_brand":[],"product_cat":[25],"product_tag":[],"class_list":{"0":"post-799","1":"product","2":"type-product","3":"status-publish","4":"has-post-thumbnail","6":"product_cat-violencia-de-genere","8":"first","9":"instock","10":"downloadable","11":"virtual","12":"sold-individually","13":"taxable","14":"purchasable","15":"product-type-simple"},"acf":[],"_links":{"self":[{"href":"https:\/\/www.v-tools.es\/ca\/wp-json\/wp\/v2\/product\/799","targetHints":{"allow":["GET"]}}],"collection":[{"href":"https:\/\/www.v-tools.es\/ca\/wp-json\/wp\/v2\/product"}],"about":[{"href":"https:\/\/www.v-tools.es\/ca\/wp-json\/wp\/v2\/types\/product"}],"replies":[{"embeddable":true,"href":"https:\/\/www.v-tools.es\/ca\/wp-json\/wp\/v2\/comments?post=799"}],"wp:featuredmedia":[{"embeddable":true,"href":"https:\/\/www.v-tools.es\/ca\/wp-json\/wp\/v2\/media\/1036"}],"wp:attachment":[{"href":"https:\/\/www.v-tools.es\/ca\/wp-json\/wp\/v2\/media?parent=799"}],"wp:term":[{"taxonomy":"product_brand","embeddable":true,"href":"https:\/\/www.v-tools.es\/ca\/wp-json\/wp\/v2\/product_brand?post=799"},{"taxonomy":"product_cat","embeddable":true,"href":"https:\/\/www.v-tools.es\/ca\/wp-json\/wp\/v2\/product_cat?post=799"},{"taxonomy":"product_tag","embeddable":true,"href":"https:\/\/www.v-tools.es\/ca\/wp-json\/wp\/v2\/product_tag?post=799"}],"curies":[{"name":"wp","href":"https:\/\/api.w.org\/{rel}","templated":true}]}}