{"id":798,"date":"2023-11-27T12:53:25","date_gmt":"2023-11-27T11:53:25","guid":{"rendered":"https:\/\/www.v-tools.es\/producto\/redes-sociales\/"},"modified":"2025-04-22T16:18:28","modified_gmt":"2025-04-22T14:18:28","slug":"xarxes-socials","status":"publish","type":"product","link":"https:\/\/www.v-tools.es\/ca\/producto\/xarxes-socials\/","title":{"rendered":"Xarxes Socials"},"content":{"rendered":"<p class=\"\" data-start=\"214\" data-end=\"510\"><span style=\"color: #000000;\">Aquesta sessi\u00f3 immersiva en Realitat Virtual se centra en el quart esgla\u00f3 de l\u2019escala de la viol\u00e8ncia de g\u00e8nere, desenvolupada per Carmen Ru\u00edz Repullo, a trav\u00e9s de la hist\u00f2ria de la Pepa i el Pepe. L\u2019activitat posa el focus en l\u2019\u00fas de les xarxes socials com a eina de control dins la parella.<\/span><\/p>\n<p class=\"\" data-start=\"512\" data-end=\"881\"><span style=\"color: #000000;\">En l\u2019adolesc\u00e8ncia, les xarxes socials s\u00f3n un espai clau per mantenir relacions, per\u00f2 tamb\u00e9 poden esdevenir un canal de manipulaci\u00f3 emocional. La sessi\u00f3 mostra com una parella pot exercir pressi\u00f3 perqu\u00e8 l\u2019altra persona es desvinculi del seu cercle d\u2019amistats virtuals, a trav\u00e9s de comentaris que q\u00fcestionen les seves interaccions digitals o envaeixen la seva privacitat.<\/span><\/p>\n<p class=\"\" data-start=\"883\" data-end=\"1121\"><span style=\"color: #000000;\">Mitjan\u00e7ant la Realitat Virtual, les persones participants poden viure com aquesta din\u00e0mica d\u2019a\u00efllament afecta l\u2019autonomia digital, la vida social i l\u2019autoestima, i aprendre a identificar senyals de control encobert a trav\u00e9s de les xarxes.<\/span><\/p>\n<p class=\"\" data-start=\"1128\" data-end=\"1165\"><span style=\"color: #000000;\">Objectius de la sessi\u00f3 immersiva:<\/span><\/p>\n<p class=\"\" style=\"padding-left: 40px;\" data-start=\"1169\" data-end=\"1244\"><span style=\"color: #000000;\">Visibilitzar les xarxes socials com a possible canal de control emocional<\/span><\/p>\n<p class=\"\" style=\"padding-left: 40px;\" data-start=\"1247\" data-end=\"1318\"><span style=\"color: #000000;\">Identificar actituds de possessivitat i gelosia disfressades d\u2019afecte<\/span><\/p>\n<p class=\"\" style=\"padding-left: 40px;\" data-start=\"1321\" data-end=\"1401\"><span style=\"color: #000000;\">Refor\u00e7ar la import\u00e0ncia de preservar la privacitat i els espais socials propis<\/span><\/p>\n<p class=\"\" style=\"padding-left: 40px;\" data-start=\"1404\" data-end=\"1472\"><span style=\"color: #000000;\">Reflexionar sobre l\u2019impacte de l\u2019a\u00efllament digital en l\u2019autoestima<\/span><\/p>\n<p class=\"\" style=\"padding-left: 40px;\" data-start=\"1475\" data-end=\"1547\"><span style=\"color: #000000;\">Promoure relacions basades en la confian\u00e7a, el respecte i la llibertat<\/span><\/p>\n<p class=\"\" data-start=\"1549\" data-end=\"1688\"><span style=\"color: #000000;\">Una proposta educativa innovadora, recomanada per a centres educatius, tallers de conviv\u00e8ncia i accions de sensibilitzaci\u00f3 per a joves.<\/span><\/p>\n","protected":false},"excerpt":{"rendered":"<p>Aquesta sessi\u00f3 immersiva en Realitat Virtual se centra en el quart esgla\u00f3 de l\u2019escala de la viol\u00e8ncia de g\u00e8nere, desenvolupada per Carmen Ru\u00edz Repullo, a trav\u00e9s de la hist\u00f2ria de la Pepa i el Pepe. L\u2019activitat posa el focus en l\u2019\u00fas de les xarxes socials com a eina de control dins la parella. En l\u2019adolesc\u00e8ncia, [&hellip;]<\/p>\n","protected":false},"featured_media":1038,"comment_status":"open","ping_status":"closed","template":"","meta":{"_acf_changed":false},"product_brand":[],"product_cat":[25],"product_tag":[],"class_list":{"0":"post-798","1":"product","2":"type-product","3":"status-publish","4":"has-post-thumbnail","6":"product_cat-violencia-de-genere","8":"first","9":"instock","10":"downloadable","11":"virtual","12":"sold-individually","13":"taxable","14":"purchasable","15":"product-type-simple"},"acf":[],"_links":{"self":[{"href":"https:\/\/www.v-tools.es\/ca\/wp-json\/wp\/v2\/product\/798","targetHints":{"allow":["GET"]}}],"collection":[{"href":"https:\/\/www.v-tools.es\/ca\/wp-json\/wp\/v2\/product"}],"about":[{"href":"https:\/\/www.v-tools.es\/ca\/wp-json\/wp\/v2\/types\/product"}],"replies":[{"embeddable":true,"href":"https:\/\/www.v-tools.es\/ca\/wp-json\/wp\/v2\/comments?post=798"}],"wp:featuredmedia":[{"embeddable":true,"href":"https:\/\/www.v-tools.es\/ca\/wp-json\/wp\/v2\/media\/1038"}],"wp:attachment":[{"href":"https:\/\/www.v-tools.es\/ca\/wp-json\/wp\/v2\/media?parent=798"}],"wp:term":[{"taxonomy":"product_brand","embeddable":true,"href":"https:\/\/www.v-tools.es\/ca\/wp-json\/wp\/v2\/product_brand?post=798"},{"taxonomy":"product_cat","embeddable":true,"href":"https:\/\/www.v-tools.es\/ca\/wp-json\/wp\/v2\/product_cat?post=798"},{"taxonomy":"product_tag","embeddable":true,"href":"https:\/\/www.v-tools.es\/ca\/wp-json\/wp\/v2\/product_tag?post=798"}],"curies":[{"name":"wp","href":"https:\/\/api.w.org\/{rel}","templated":true}]}}