{"id":797,"date":"2023-11-26T00:28:54","date_gmt":"2023-11-25T23:28:54","guid":{"rendered":"https:\/\/www.v-tools.es\/producto\/formas-de-vestir\/"},"modified":"2025-04-22T16:20:53","modified_gmt":"2025-04-22T14:20:53","slug":"formes-de-vestir","status":"publish","type":"product","link":"https:\/\/www.v-tools.es\/ca\/producto\/formes-de-vestir\/","title":{"rendered":"Formes de vestir"},"content":{"rendered":"<p class=\"\" data-start=\"211\" data-end=\"553\"><span style=\"color: #000000;\">Aquesta sessi\u00f3 immersiva en Realitat Virtual se centra en el cinqu\u00e8 esgla\u00f3 de l\u2019escala de la viol\u00e8ncia de g\u00e8nere, desenvolupada per Carmen Ru\u00edz Repullo, a trav\u00e9s de la hist\u00f2ria de la Pepa i el Pepe. L\u2019activitat posa el focus en el control sobre la manera de vestir, una forma de manipulaci\u00f3 que sovint es disfressa de protecci\u00f3 o consell.<\/span><\/p>\n<p class=\"\" data-start=\"555\" data-end=\"865\"><span style=\"color: #000000;\">Aquest tipus de pressi\u00f3 es manifesta a trav\u00e9s de comentaris subtils que q\u00fcestionen com hauria d\u2019anar vestida la parella, especialment en contextos socials o d\u2019oci, com fer esport. Tot i que aparenten ser suggeriments, responen a una voluntat de control i possessi\u00f3 que afecta directament la llibertat personal.<\/span><\/p>\n<p class=\"\" data-start=\"867\" data-end=\"1118\"><span style=\"color: #000000;\">Mitjan\u00e7ant la Realitat Virtual, les persones participants poden posar-se en la pell de qui rep aquestes pressions, i comprendre com la vestimenta es converteix en una eina m\u00e9s per limitar l\u2019autonomia i condicionar l\u2019expressi\u00f3 personal dins la relaci\u00f3.<\/span><\/p>\n<p class=\"\" data-start=\"1125\" data-end=\"1162\"><span style=\"color: #000000;\">Objectius de la sessi\u00f3 immersiva:<\/span><\/p>\n<p class=\"\" style=\"padding-left: 40px;\" data-start=\"1166\" data-end=\"1252\"><span style=\"color: #000000;\">Visibilitzar el control sobre la manera de vestir com a forma de viol\u00e8ncia de g\u00e8nere<\/span><\/p>\n<p class=\"\" style=\"padding-left: 40px;\" data-start=\"1255\" data-end=\"1327\"><span style=\"color: #000000;\">Identificar formes de manipulaci\u00f3 disfressades de consells o protecci\u00f3<\/span><\/p>\n<p class=\"\" style=\"padding-left: 40px;\" data-start=\"1330\" data-end=\"1404\"><span style=\"color: #000000;\">Reflexionar sobre la llibertat d\u2019expressi\u00f3 i d\u2019imatge dins les relacions<\/span><\/p>\n<p class=\"\" style=\"padding-left: 40px;\" data-start=\"1407\" data-end=\"1475\"><span style=\"color: #000000;\">Refor\u00e7ar el pensament cr\u00edtic davant els mandats de g\u00e8nere imposats<\/span><\/p>\n<p class=\"\" style=\"padding-left: 40px;\" data-start=\"1478\" data-end=\"1550\"><span style=\"color: #000000;\">Promoure relacions basades en la llibertat, el respecte i l\u2019acceptaci\u00f3<\/span><\/p>\n<p class=\"\" data-start=\"1552\" data-end=\"1691\"><span style=\"color: #000000;\">Una proposta educativa innovadora, recomanada per a centres educatius, tallers de conviv\u00e8ncia i accions de sensibilitzaci\u00f3 per a joves.<\/span><\/p>\n","protected":false},"excerpt":{"rendered":"<p>Aquesta sessi\u00f3 immersiva en Realitat Virtual se centra en el cinqu\u00e8 esgla\u00f3 de l\u2019escala de la viol\u00e8ncia de g\u00e8nere, desenvolupada per Carmen Ru\u00edz Repullo, a trav\u00e9s de la hist\u00f2ria de la Pepa i el Pepe. L\u2019activitat posa el focus en el control sobre la manera de vestir, una forma de manipulaci\u00f3 que sovint es disfressa [&hellip;]<\/p>\n","protected":false},"featured_media":1040,"comment_status":"open","ping_status":"closed","template":"","meta":{"_acf_changed":false},"product_brand":[],"product_cat":[25],"product_tag":[],"class_list":{"0":"post-797","1":"product","2":"type-product","3":"status-publish","4":"has-post-thumbnail","6":"product_cat-violencia-de-genere","8":"first","9":"instock","10":"downloadable","11":"virtual","12":"sold-individually","13":"taxable","14":"purchasable","15":"product-type-simple"},"acf":[],"_links":{"self":[{"href":"https:\/\/www.v-tools.es\/ca\/wp-json\/wp\/v2\/product\/797","targetHints":{"allow":["GET"]}}],"collection":[{"href":"https:\/\/www.v-tools.es\/ca\/wp-json\/wp\/v2\/product"}],"about":[{"href":"https:\/\/www.v-tools.es\/ca\/wp-json\/wp\/v2\/types\/product"}],"replies":[{"embeddable":true,"href":"https:\/\/www.v-tools.es\/ca\/wp-json\/wp\/v2\/comments?post=797"}],"wp:featuredmedia":[{"embeddable":true,"href":"https:\/\/www.v-tools.es\/ca\/wp-json\/wp\/v2\/media\/1040"}],"wp:attachment":[{"href":"https:\/\/www.v-tools.es\/ca\/wp-json\/wp\/v2\/media?parent=797"}],"wp:term":[{"taxonomy":"product_brand","embeddable":true,"href":"https:\/\/www.v-tools.es\/ca\/wp-json\/wp\/v2\/product_brand?post=797"},{"taxonomy":"product_cat","embeddable":true,"href":"https:\/\/www.v-tools.es\/ca\/wp-json\/wp\/v2\/product_cat?post=797"},{"taxonomy":"product_tag","embeddable":true,"href":"https:\/\/www.v-tools.es\/ca\/wp-json\/wp\/v2\/product_tag?post=797"}],"curies":[{"name":"wp","href":"https:\/\/api.w.org\/{rel}","templated":true}]}}