{"id":796,"date":"2023-11-25T12:55:40","date_gmt":"2023-11-25T11:55:40","guid":{"rendered":"https:\/\/www.v-tools.es\/producto\/formas-de-ser\/"},"modified":"2025-04-22T16:23:17","modified_gmt":"2025-04-22T14:23:17","slug":"formes-de-ser","status":"publish","type":"product","link":"https:\/\/www.v-tools.es\/ca\/producto\/formes-de-ser\/","title":{"rendered":"Formes de ser"},"content":{"rendered":"<p class=\"\" data-start=\"194\" data-end=\"530\"><span style=\"color: #000000;\">Aquesta sessi\u00f3 immersiva en Realitat Virtual se centra en el sis\u00e8 esgla\u00f3 de l\u2019escala de la viol\u00e8ncia de g\u00e8nere, desenvolupada per Carmen Ru\u00edz Repullo, a trav\u00e9s de la hist\u00f2ria de la Pepa i el Pepe. L\u2019activitat aborda el control sobre la forma de ser, una forma de manipulaci\u00f3 emocional que busca modificar la identitat de la parella.<\/span><\/p>\n<p class=\"\" data-start=\"532\" data-end=\"869\"><span style=\"color: #000000;\">Aquest tipus de control es manifesta quan una persona comen\u00e7a a q\u00fcestionar el comportament de l\u2019altra, especialment en p\u00fablic o amb amistats. Comentaris sobre una suposada actitud provocadora o sobre com \u201chauria de comportar-se\u201d tenen com a objectiu fer dubtar la parella de la seva manera de ser i limitar la seva llibertat d\u2019expressi\u00f3.<\/span><\/p>\n<p class=\"\" data-start=\"871\" data-end=\"1095\"><span style=\"color: #000000;\">Mitjan\u00e7ant la Realitat Virtual, les persones participants poden viure en primera persona com aquesta cr\u00edtica constant genera inseguretat, i com la parella pot acabar adaptant-se a unes normes imposades per evitar conflictes.<\/span><\/p>\n<p class=\"\" data-start=\"1102\" data-end=\"1139\"><span style=\"color: #000000;\">Objectius de la sessi\u00f3 immersiva:<\/span><\/p>\n<p class=\"\" style=\"padding-left: 40px;\" data-start=\"1143\" data-end=\"1226\"><span style=\"color: #000000;\">Visibilitzar el control sobre la manera de ser com a forma de viol\u00e8ncia de g\u00e8nere<\/span><\/p>\n<p class=\"\" style=\"padding-left: 40px;\" data-start=\"1229\" data-end=\"1303\"><span style=\"color: #000000;\">Identificar comentaris manipuladors que q\u00fcestionen la identitat personal<\/span><\/p>\n<p class=\"\" style=\"padding-left: 40px;\" data-start=\"1306\" data-end=\"1374\"><span style=\"color: #000000;\">Fomentar la llibertat d\u2019expressi\u00f3 i el respecte dins les relacions<\/span><\/p>\n<p class=\"\" style=\"padding-left: 40px;\" data-start=\"1377\" data-end=\"1442\"><span style=\"color: #000000;\">Reflexionar sobre l\u2019impacte emocional d\u2019aquest tipus de pressi\u00f3<\/span><\/p>\n<p class=\"\" style=\"padding-left: 40px;\" data-start=\"1445\" data-end=\"1522\"><span style=\"color: #000000;\">Promoure relacions afectives que valorin l\u2019autenticitat i la individualitat<\/span><\/p>\n<p class=\"\" data-start=\"1524\" data-end=\"1663\"><span style=\"color: #000000;\">Una proposta educativa innovadora, recomanada per a centres educatius, tallers de conviv\u00e8ncia i accions de sensibilitzaci\u00f3 per a joves.<\/span><\/p>\n","protected":false},"excerpt":{"rendered":"<p>Aquesta sessi\u00f3 immersiva en Realitat Virtual se centra en el sis\u00e8 esgla\u00f3 de l\u2019escala de la viol\u00e8ncia de g\u00e8nere, desenvolupada per Carmen Ru\u00edz Repullo, a trav\u00e9s de la hist\u00f2ria de la Pepa i el Pepe. L\u2019activitat aborda el control sobre la forma de ser, una forma de manipulaci\u00f3 emocional que busca modificar la identitat de [&hellip;]<\/p>\n","protected":false},"featured_media":1049,"comment_status":"open","ping_status":"closed","template":"","meta":{"_acf_changed":false},"product_brand":[],"product_cat":[25],"product_tag":[],"class_list":{"0":"post-796","1":"product","2":"type-product","3":"status-publish","4":"has-post-thumbnail","6":"product_cat-violencia-de-genere","8":"first","9":"instock","10":"downloadable","11":"virtual","12":"sold-individually","13":"taxable","14":"purchasable","15":"product-type-simple"},"acf":[],"_links":{"self":[{"href":"https:\/\/www.v-tools.es\/ca\/wp-json\/wp\/v2\/product\/796","targetHints":{"allow":["GET"]}}],"collection":[{"href":"https:\/\/www.v-tools.es\/ca\/wp-json\/wp\/v2\/product"}],"about":[{"href":"https:\/\/www.v-tools.es\/ca\/wp-json\/wp\/v2\/types\/product"}],"replies":[{"embeddable":true,"href":"https:\/\/www.v-tools.es\/ca\/wp-json\/wp\/v2\/comments?post=796"}],"wp:featuredmedia":[{"embeddable":true,"href":"https:\/\/www.v-tools.es\/ca\/wp-json\/wp\/v2\/media\/1049"}],"wp:attachment":[{"href":"https:\/\/www.v-tools.es\/ca\/wp-json\/wp\/v2\/media?parent=796"}],"wp:term":[{"taxonomy":"product_brand","embeddable":true,"href":"https:\/\/www.v-tools.es\/ca\/wp-json\/wp\/v2\/product_brand?post=796"},{"taxonomy":"product_cat","embeddable":true,"href":"https:\/\/www.v-tools.es\/ca\/wp-json\/wp\/v2\/product_cat?post=796"},{"taxonomy":"product_tag","embeddable":true,"href":"https:\/\/www.v-tools.es\/ca\/wp-json\/wp\/v2\/product_tag?post=796"}],"curies":[{"name":"wp","href":"https:\/\/api.w.org\/{rel}","templated":true}]}}