{"id":795,"date":"2023-11-24T12:56:23","date_gmt":"2023-11-24T11:56:23","guid":{"rendered":"https:\/\/www.v-tools.es\/producto\/espacios-de-ocio\/"},"modified":"2025-04-22T16:24:48","modified_gmt":"2025-04-22T14:24:48","slug":"espais-doci","status":"publish","type":"product","link":"https:\/\/www.v-tools.es\/ca\/producto\/espais-doci\/","title":{"rendered":"Espais d\u2019oci"},"content":{"rendered":"<p data-pm-slice=\"1 1 []\">Aquesta sessi\u00f3 immersiva en Realitat Virtual se centra en el set\u00e8 esgla\u00f3 de l\u2019escala de la viol\u00e8ncia de g\u00e8nere, desenvolupada per Carmen Ru\u00edz Repullo, a trav\u00e9s de la hist\u00f2ria de la Pepa i el Pepe. L\u2019activitat aborda especialment el control sobre els espais d\u2019oci de la v\u00edctima, destacant com la viol\u00e8ncia de g\u00e8nere no es limita \u00fanicament a l&#8217;agressi\u00f3 f\u00edsica, sin\u00f3 que constitueix l&#8217;etapa final d\u2019un proc\u00e9s gradual de control i manipulaci\u00f3 emocional.<\/p>\n<p data-pm-slice=\"1 1 []\">Aquest tipus de control es manifesta quan una persona intenta conv\u00e8ncer la seva parella perqu\u00e8 no participi en activitats socials o esportives, apel\u00b7lant a les seves emocions i utilitzant excuses com ara la soledat o la preocupaci\u00f3 personal.<\/p>\n<p data-pm-slice=\"1 1 []\">Mitjan\u00e7ant la Realitat Virtual, les persones participants poden viure en primera persona com aquestes peticions subtils generen una pressi\u00f3 emocional que influeix en les decisions sobre com i amb qui gaudir del temps lliure, fomentant gradualment l\u2019a\u00efllament social.<\/p>\n<p class=\"\" data-start=\"1133\" data-end=\"1170\">Objectius de la sessi\u00f3 immersiva:<\/p>\n<p style=\"padding-left: 40px;\">Visibilitzar el control sobre els espais d\u2019oci com a forma de viol\u00e8ncia de g\u00e8nere.<\/p>\n<p style=\"padding-left: 40px;\">Identificar t\u00e0ctiques manipuladores que restringeixen la llibertat personal i social.<\/p>\n<p style=\"padding-left: 40px;\">Promoure la consci\u00e8ncia sobre la import\u00e0ncia de preservar l\u2019autonomia en les decisions personals.<\/p>\n<p style=\"padding-left: 40px;\">Reflexionar sobre l\u2019impacte emocional que implica la pressi\u00f3 subtil exercida per una parella controladora.<\/p>\n<p style=\"padding-left: 40px;\">Fomentar relacions afectives sanes, basades en el respecte mutu i l\u2019autonomia individual.<\/p>\n<p class=\"\" data-start=\"1546\" data-end=\"1685\">Una proposta educativa innovadora, recomanada per a centres educatius, tallers de conviv\u00e8ncia i accions de sensibilitzaci\u00f3 per a joves.<\/p>\n","protected":false},"excerpt":{"rendered":"<p>Aquesta sessi\u00f3 immersiva en Realitat Virtual se centra en el set\u00e8 esgla\u00f3 de l\u2019escala de la viol\u00e8ncia de g\u00e8nere, desenvolupada per Carmen Ru\u00edz Repullo, a trav\u00e9s de la hist\u00f2ria de la Pepa i el Pepe. L\u2019activitat aborda especialment el control sobre els espais d\u2019oci de la v\u00edctima, destacant com la viol\u00e8ncia de g\u00e8nere no es [&hellip;]<\/p>\n","protected":false},"featured_media":1042,"comment_status":"open","ping_status":"closed","template":"","meta":{"_acf_changed":false},"product_brand":[],"product_cat":[25],"product_tag":[],"class_list":{"0":"post-795","1":"product","2":"type-product","3":"status-publish","4":"has-post-thumbnail","6":"product_cat-violencia-de-genere","8":"first","9":"instock","10":"downloadable","11":"virtual","12":"sold-individually","13":"taxable","14":"purchasable","15":"product-type-simple"},"acf":[],"_links":{"self":[{"href":"https:\/\/www.v-tools.es\/ca\/wp-json\/wp\/v2\/product\/795","targetHints":{"allow":["GET"]}}],"collection":[{"href":"https:\/\/www.v-tools.es\/ca\/wp-json\/wp\/v2\/product"}],"about":[{"href":"https:\/\/www.v-tools.es\/ca\/wp-json\/wp\/v2\/types\/product"}],"replies":[{"embeddable":true,"href":"https:\/\/www.v-tools.es\/ca\/wp-json\/wp\/v2\/comments?post=795"}],"wp:featuredmedia":[{"embeddable":true,"href":"https:\/\/www.v-tools.es\/ca\/wp-json\/wp\/v2\/media\/1042"}],"wp:attachment":[{"href":"https:\/\/www.v-tools.es\/ca\/wp-json\/wp\/v2\/media?parent=795"}],"wp:term":[{"taxonomy":"product_brand","embeddable":true,"href":"https:\/\/www.v-tools.es\/ca\/wp-json\/wp\/v2\/product_brand?post=795"},{"taxonomy":"product_cat","embeddable":true,"href":"https:\/\/www.v-tools.es\/ca\/wp-json\/wp\/v2\/product_cat?post=795"},{"taxonomy":"product_tag","embeddable":true,"href":"https:\/\/www.v-tools.es\/ca\/wp-json\/wp\/v2\/product_tag?post=795"}],"curies":[{"name":"wp","href":"https:\/\/api.w.org\/{rel}","templated":true}]}}