{"id":794,"date":"2023-11-23T12:57:22","date_gmt":"2023-11-23T11:57:22","guid":{"rendered":"https:\/\/www.v-tools.es\/producto\/separacion-familiar\/"},"modified":"2025-04-22T16:25:42","modified_gmt":"2025-04-22T14:25:42","slug":"separacio-familiar","status":"publish","type":"product","link":"https:\/\/www.v-tools.es\/ca\/producto\/separacio-familiar\/","title":{"rendered":"Separaci\u00f3 Familiar"},"content":{"rendered":"<p data-pm-slice=\"1 1 []\">Aquesta sessi\u00f3 immersiva en Realitat Virtual se centra en el vuit\u00e8 esgla\u00f3 de l\u2019escala de la viol\u00e8ncia de g\u00e8nere, desenvolupada per Carmen Ru\u00edz Repullo, a trav\u00e9s de la hist\u00f2ria de la Pepa i el Pepe. L\u2019activitat aborda espec\u00edficament el control que afecta les relacions familiars de la v\u00edctima, destacant com la viol\u00e8ncia de g\u00e8nere no es limita \u00fanicament a l&#8217;agressi\u00f3 f\u00edsica, sin\u00f3 que constitueix la fase final d\u2019un proc\u00e9s gradual de manipulaci\u00f3 i control emocional.<\/p>\n<p data-pm-slice=\"1 1 []\">Aquest tipus de control es manifesta quan una persona intenta allunyar la seva parella del seu entorn familiar, generant dubtes i inseguretats sobre les relacions amb els seus \u00e9ssers estimats.<\/p>\n<p data-pm-slice=\"1 1 []\">Mitjan\u00e7ant la Realitat Virtual, les persones participants poden experimentar en primera persona com aquestes manipulacions subtils generen pressi\u00f3 emocional, portant a la v\u00edctima a distanciar-se progressivament de les seves relacions familiars m\u00e9s properes.<\/p>\n<p class=\"\" data-start=\"871\" data-end=\"1095\">.Objectius de la sessi\u00f3 immersiva:<\/p>\n<p style=\"padding-left: 40px;\">Visibilitzar l\u2019a\u00efllament familiar com a forma de viol\u00e8ncia de g\u00e8nere.<\/p>\n<p style=\"padding-left: 40px;\">Identificar estrat\u00e8gies manipuladores que busquen debilitar els vincles familiars.<\/p>\n<p style=\"padding-left: 40px;\">Sensibilitzar sobre l\u2019impacte emocional de l\u2019a\u00efllament indu\u00eft per una parella controladora.<\/p>\n<p style=\"padding-left: 40px;\">Reflexionar sobre la import\u00e0ncia de preservar les relacions familiars i el suport emocional que proporcionen.<\/p>\n<p style=\"padding-left: 40px;\">Fomentar relacions afectives respectuoses i lliures de control emocional.<\/p>\n<p class=\"\" data-start=\"1524\" data-end=\"1663\">Una proposta educativa innovadora, recomanada per a centres educatius, tallers de conviv\u00e8ncia i accions de sensibilitzaci\u00f3 per a joves.<\/p>\n","protected":false},"excerpt":{"rendered":"<p>Aquesta sessi\u00f3 immersiva en Realitat Virtual se centra en el vuit\u00e8 esgla\u00f3 de l\u2019escala de la viol\u00e8ncia de g\u00e8nere, desenvolupada per Carmen Ru\u00edz Repullo, a trav\u00e9s de la hist\u00f2ria de la Pepa i el Pepe. L\u2019activitat aborda espec\u00edficament el control que afecta les relacions familiars de la v\u00edctima, destacant com la viol\u00e8ncia de g\u00e8nere no [&hellip;]<\/p>\n","protected":false},"featured_media":1044,"comment_status":"open","ping_status":"closed","template":"","meta":{"_acf_changed":false},"product_brand":[],"product_cat":[25],"product_tag":[],"class_list":{"0":"post-794","1":"product","2":"type-product","3":"status-publish","4":"has-post-thumbnail","6":"product_cat-violencia-de-genere","8":"first","9":"instock","10":"downloadable","11":"virtual","12":"sold-individually","13":"taxable","14":"purchasable","15":"product-type-simple"},"acf":[],"_links":{"self":[{"href":"https:\/\/www.v-tools.es\/ca\/wp-json\/wp\/v2\/product\/794","targetHints":{"allow":["GET"]}}],"collection":[{"href":"https:\/\/www.v-tools.es\/ca\/wp-json\/wp\/v2\/product"}],"about":[{"href":"https:\/\/www.v-tools.es\/ca\/wp-json\/wp\/v2\/types\/product"}],"replies":[{"embeddable":true,"href":"https:\/\/www.v-tools.es\/ca\/wp-json\/wp\/v2\/comments?post=794"}],"wp:featuredmedia":[{"embeddable":true,"href":"https:\/\/www.v-tools.es\/ca\/wp-json\/wp\/v2\/media\/1044"}],"wp:attachment":[{"href":"https:\/\/www.v-tools.es\/ca\/wp-json\/wp\/v2\/media?parent=794"}],"wp:term":[{"taxonomy":"product_brand","embeddable":true,"href":"https:\/\/www.v-tools.es\/ca\/wp-json\/wp\/v2\/product_brand?post=794"},{"taxonomy":"product_cat","embeddable":true,"href":"https:\/\/www.v-tools.es\/ca\/wp-json\/wp\/v2\/product_cat?post=794"},{"taxonomy":"product_tag","embeddable":true,"href":"https:\/\/www.v-tools.es\/ca\/wp-json\/wp\/v2\/product_tag?post=794"}],"curies":[{"name":"wp","href":"https:\/\/api.w.org\/{rel}","templated":true}]}}