{"id":793,"date":"2023-11-22T13:00:22","date_gmt":"2023-11-22T12:00:22","guid":{"rendered":"https:\/\/www.v-tools.es\/producto\/relaciones-sexuales\/"},"modified":"2025-04-22T16:27:14","modified_gmt":"2025-04-22T14:27:14","slug":"relacions-sexuals","status":"publish","type":"product","link":"https:\/\/www.v-tools.es\/ca\/producto\/relacions-sexuals\/","title":{"rendered":"Relacions Sexuals"},"content":{"rendered":"<p data-pm-slice=\"1 1 []\">Aquesta sessi\u00f3 immersiva en Realitat Virtual se centra en el nov\u00e8 esgla\u00f3 de l\u2019escala de la viol\u00e8ncia de g\u00e8nere, desenvolupada per Carmen Ru\u00edz Repullo, a trav\u00e9s de la hist\u00f2ria de la Pepa i el Pepe. L\u2019activitat aborda espec\u00edficament la pressi\u00f3 sobre les relacions sexuals, destacant com la viol\u00e8ncia de g\u00e8nere no es limita \u00fanicament a l&#8217;agressi\u00f3 f\u00edsica, sin\u00f3 que constitueix l&#8217;etapa final d\u2019un proc\u00e9s gradual de control emocional i manipulaci\u00f3.<\/p>\n<p data-pm-slice=\"1 1 []\">Aquest tipus de control es manifesta quan una persona exerceix pressi\u00f3 emocional insistent sobre la seva parella perqu\u00e8 mantinguin relacions sexuals, sovint utilitzant arguments com ara que \u00e9s una \u201cprova d\u2019amor\u201d o que \u201cha arribat el moment\u201d.<\/p>\n<p data-pm-slice=\"1 1 []\">Mitjan\u00e7ant la Realitat Virtual, les persones participants poden viure en primera persona com aquesta pressi\u00f3 subtil genera una profunda inseguretat emocional, portant la v\u00edctima a dubtar i sentir-se for\u00e7ada a acceptar situacions que vulneren la seva autonomia personal.<\/p>\n<p class=\"\" data-start=\"871\" data-end=\"1095\">.Objectius de la sessi\u00f3 immersiva:<\/p>\n<p style=\"padding-left: 40px;\">Visibilitzar la pressi\u00f3 sexual com una forma subtil per\u00f2 greu de viol\u00e8ncia de g\u00e8nere.<\/p>\n<p style=\"padding-left: 40px;\">Identificar t\u00e0ctiques manipuladores que afecten la llibertat sexual de les persones.<\/p>\n<p style=\"padding-left: 40px;\">Sensibilitzar sobre l\u2019impacte emocional que implica ser pressionat per mantenir relacions sexuals.<\/p>\n<p style=\"padding-left: 40px;\">Fomentar la reflexi\u00f3 sobre la import\u00e0ncia del consentiment i el respecte a les decisions personals.<\/p>\n<p style=\"padding-left: 40px;\">Promoure relacions afectives saludables, basades en la llibertat, el respecte i la comunicaci\u00f3 oberta.<\/p>\n<p class=\"\" data-start=\"1524\" data-end=\"1663\">Una proposta educativa innovadora, recomanada per a centres educatius, tallers de conviv\u00e8ncia i accions de sensibilitzaci\u00f3 per a joves.<\/p>\n","protected":false},"excerpt":{"rendered":"<p>Aquesta sessi\u00f3 immersiva en Realitat Virtual se centra en el nov\u00e8 esgla\u00f3 de l\u2019escala de la viol\u00e8ncia de g\u00e8nere, desenvolupada per Carmen Ru\u00edz Repullo, a trav\u00e9s de la hist\u00f2ria de la Pepa i el Pepe. L\u2019activitat aborda espec\u00edficament la pressi\u00f3 sobre les relacions sexuals, destacant com la viol\u00e8ncia de g\u00e8nere no es limita \u00fanicament a [&hellip;]<\/p>\n","protected":false},"featured_media":1046,"comment_status":"open","ping_status":"closed","template":"","meta":{"_acf_changed":false},"product_brand":[],"product_cat":[25],"product_tag":[],"class_list":{"0":"post-793","1":"product","2":"type-product","3":"status-publish","4":"has-post-thumbnail","6":"product_cat-violencia-de-genere","8":"first","9":"instock","10":"downloadable","11":"virtual","12":"sold-individually","13":"taxable","14":"purchasable","15":"product-type-simple"},"acf":[],"_links":{"self":[{"href":"https:\/\/www.v-tools.es\/ca\/wp-json\/wp\/v2\/product\/793","targetHints":{"allow":["GET"]}}],"collection":[{"href":"https:\/\/www.v-tools.es\/ca\/wp-json\/wp\/v2\/product"}],"about":[{"href":"https:\/\/www.v-tools.es\/ca\/wp-json\/wp\/v2\/types\/product"}],"replies":[{"embeddable":true,"href":"https:\/\/www.v-tools.es\/ca\/wp-json\/wp\/v2\/comments?post=793"}],"wp:featuredmedia":[{"embeddable":true,"href":"https:\/\/www.v-tools.es\/ca\/wp-json\/wp\/v2\/media\/1046"}],"wp:attachment":[{"href":"https:\/\/www.v-tools.es\/ca\/wp-json\/wp\/v2\/media?parent=793"}],"wp:term":[{"taxonomy":"product_brand","embeddable":true,"href":"https:\/\/www.v-tools.es\/ca\/wp-json\/wp\/v2\/product_brand?post=793"},{"taxonomy":"product_cat","embeddable":true,"href":"https:\/\/www.v-tools.es\/ca\/wp-json\/wp\/v2\/product_cat?post=793"},{"taxonomy":"product_tag","embeddable":true,"href":"https:\/\/www.v-tools.es\/ca\/wp-json\/wp\/v2\/product_tag?post=793"}],"curies":[{"name":"wp","href":"https:\/\/api.w.org\/{rel}","templated":true}]}}