{"id":792,"date":"2023-11-29T00:32:07","date_gmt":"2023-11-28T23:32:07","guid":{"rendered":"https:\/\/www.v-tools.es\/producto\/sextorsion\/"},"modified":"2025-10-19T11:56:27","modified_gmt":"2025-10-19T09:56:27","slug":"sextorsio","status":"publish","type":"product","link":"https:\/\/www.v-tools.es\/ca\/producto\/sextorsio\/","title":{"rendered":"Sextorsi\u00f3"},"content":{"rendered":"<p class=\"\" data-start=\"386\" data-end=\"796\"><span style=\"color: #000000;\"><strong data-start=\"389\" data-end=\"437\">Aquesta sessi\u00f3 immersiva en Realitat Virtual<\/strong> aborda una forma de <strong data-start=\"458\" data-end=\"509\">ciberassetjament molt present entre adolescents<\/strong>: la <strong data-start=\"514\" data-end=\"559\">difusi\u00f3 no consentida d\u2019imatges personals<\/strong> a trav\u00e9s de xarxes socials i aplicacions de missatgeria. El relat mostra com una acci\u00f3 aparentment quotidiana, com compartir una fotografia en confian\u00e7a, pot desencadenar situacions de vergonya, angoixa, a\u00efllament i viol\u00e8ncia emocional.<\/span><\/p>\n<p class=\"\" data-start=\"798\" data-end=\"1044\"><span style=\"color: #000000;\">A trav\u00e9s d\u2019un recorregut immersiu, es crea un espai segur on les persones participants poden identificar-se amb diferents rols implicats (<strong data-start=\"936\" data-end=\"984\">persona assetjada, observadora i assetjadora<\/strong>) i reflexionar sobre les seves emocions i responsabilitats.<\/span><\/p>\n<p data-start=\"1051\" data-end=\"1091\"><span style=\"color: #000000;\">Objectius de la sessi\u00f3 immersiva<\/span>:<\/p>\n<p style=\"padding-left: 40px;\" data-start=\"1094\" data-end=\"1172\"><span style=\"color: #000000;\">Visibilitzar els efectes del ciberassetjament i de la pressi\u00f3 social digital<\/span><\/p>\n<p style=\"padding-left: 40px;\" data-start=\"1175\" data-end=\"1248\"><span style=\"color: #000000;\">Fomentar l\u2019empatia i la consci\u00e8ncia cr\u00edtica sobre l\u2019\u00fas de la tecnologia<\/span><\/p>\n<p style=\"padding-left: 40px;\" data-start=\"1251\" data-end=\"1328\"><span style=\"color: #000000;\">Reflexionar sobre la import\u00e0ncia de la privacitat i el consentiment digital<\/span><\/p>\n<p style=\"padding-left: 40px;\" data-start=\"1331\" data-end=\"1399\"><span style=\"color: #000000;\">Identificar din\u00e0miques de control i vulneraci\u00f3 en entorns en l\u00ednia<\/span><\/p>\n<p style=\"padding-left: 40px;\" data-start=\"1402\" data-end=\"1466\"><span style=\"color: #000000;\">Promoure relacions digitals respectuoses, segures i saludables<\/span><\/p>\n<p class=\"\" data-start=\"1473\" data-end=\"1611\"><span style=\"color: #000000;\">Una proposta educativa innovadora, recomanada per a centres educatius, tallers de conviv\u00e8ncia i accions de sensibilitzaci\u00f3 per a joves.<\/span><\/p>\n","protected":false},"excerpt":{"rendered":"<p>Aquesta sessi\u00f3 immersiva en Realitat Virtual aborda una forma de ciberassetjament molt present entre adolescents: la difusi\u00f3 no consentida d\u2019imatges personals a trav\u00e9s de xarxes socials i aplicacions de missatgeria. El relat mostra com una acci\u00f3 aparentment quotidiana, com compartir una fotografia en confian\u00e7a, pot desencadenar situacions de vergonya, angoixa, a\u00efllament i viol\u00e8ncia emocional. A [&hellip;]<\/p>\n","protected":false},"featured_media":1057,"comment_status":"open","ping_status":"closed","template":"","meta":{"_acf_changed":false},"product_brand":[],"product_cat":[24],"product_tag":[],"class_list":{"0":"post-792","1":"product","2":"type-product","3":"status-publish","4":"has-post-thumbnail","6":"product_cat-ciberassetjament","8":"first","9":"instock","10":"downloadable","11":"virtual","12":"sold-individually","13":"taxable","14":"purchasable","15":"product-type-simple"},"acf":[],"_links":{"self":[{"href":"https:\/\/www.v-tools.es\/ca\/wp-json\/wp\/v2\/product\/792","targetHints":{"allow":["GET"]}}],"collection":[{"href":"https:\/\/www.v-tools.es\/ca\/wp-json\/wp\/v2\/product"}],"about":[{"href":"https:\/\/www.v-tools.es\/ca\/wp-json\/wp\/v2\/types\/product"}],"replies":[{"embeddable":true,"href":"https:\/\/www.v-tools.es\/ca\/wp-json\/wp\/v2\/comments?post=792"}],"wp:featuredmedia":[{"embeddable":true,"href":"https:\/\/www.v-tools.es\/ca\/wp-json\/wp\/v2\/media\/1057"}],"wp:attachment":[{"href":"https:\/\/www.v-tools.es\/ca\/wp-json\/wp\/v2\/media?parent=792"}],"wp:term":[{"taxonomy":"product_brand","embeddable":true,"href":"https:\/\/www.v-tools.es\/ca\/wp-json\/wp\/v2\/product_brand?post=792"},{"taxonomy":"product_cat","embeddable":true,"href":"https:\/\/www.v-tools.es\/ca\/wp-json\/wp\/v2\/product_cat?post=792"},{"taxonomy":"product_tag","embeddable":true,"href":"https:\/\/www.v-tools.es\/ca\/wp-json\/wp\/v2\/product_tag?post=792"}],"curies":[{"name":"wp","href":"https:\/\/api.w.org\/{rel}","templated":true}]}}