{"id":791,"date":"2023-11-28T00:31:46","date_gmt":"2023-11-27T23:31:46","guid":{"rendered":"https:\/\/www.v-tools.es\/producto\/por-que-soy-asi\/"},"modified":"2025-10-19T11:58:26","modified_gmt":"2025-10-19T09:58:26","slug":"per-que-soc-aixi","status":"publish","type":"product","link":"https:\/\/www.v-tools.es\/ca\/producto\/per-que-soc-aixi\/","title":{"rendered":"Per qu\u00e8 soc aix\u00ed?"},"content":{"rendered":"<p class=\"\" data-start=\"537\" data-end=\"829\">Aquesta sessi\u00f3 immersiva s\u2019inspira en experi\u00e8ncies reals de ciberassetjament viscut en entorns educatius, aix\u00ed com en els estereotips de g\u00e8nere que imposa la societat i que afecten directament la manera com les persones joves viuen el seu cos, la seva identitat i les seves relacions.<\/p>\n<p class=\"\" data-start=\"831\" data-end=\"1155\">Mitjan\u00e7ant un recorregut immersiu en Realitat Virtual, les persones participants poden explorar com les normes socials influeixen en l\u2019autoimatge i la pressi\u00f3 est\u00e8tica, i descobrir la necessitat de q\u00fcestionar els mandats de g\u00e8nere per avan\u00e7ar cap a una cultura m\u00e9s inclusiva, respectuosa i lliure de discriminacions.<\/p>\n<p data-start=\"1162\" data-end=\"1202\">Objectius de la sessi\u00f3 immersiva:<\/p>\n<p class=\"\" style=\"padding-left: 40px;\" data-start=\"1205\" data-end=\"1285\">Visibilitzar l\u2019impacte dels estereotips de g\u00e8nere en l\u2019autoestima i la identitat<\/p>\n<p class=\"\" style=\"padding-left: 40px;\" data-start=\"1205\" data-end=\"1285\">Reflexionar sobre la relaci\u00f3 entre ciberassetjament i pressi\u00f3 social digital<\/p>\n<p class=\"\" style=\"padding-left: 40px;\" data-start=\"1367\" data-end=\"1431\">Fomentar el pensament cr\u00edtic davant les normes socials imposades<\/p>\n<p class=\"\" style=\"padding-left: 40px;\" data-start=\"1434\" data-end=\"1514\">Impulsar el respecte i la responsabilitat col\u00b7lectiva davant les discriminacions<\/p>\n<p class=\"\" style=\"padding-left: 40px;\" data-start=\"1517\" data-end=\"1591\">Contribuir a la creaci\u00f3 d\u2019entorns educatius inclusius, segurs i saludables<\/p>\n<p class=\"\" data-start=\"1517\" data-end=\"1591\">Una proposta educativa innovadora, recomanada per a centres educatius, tallers de conviv\u00e8ncia i accions de sensibilitzaci\u00f3 per a joves.<\/p>\n<p class=\"\" data-start=\"1738\" data-end=\"2012\">\n","protected":false},"excerpt":{"rendered":"<p>Aquesta sessi\u00f3 immersiva s\u2019inspira en experi\u00e8ncies reals de ciberassetjament viscut en entorns educatius, aix\u00ed com en els estereotips de g\u00e8nere que imposa la societat i que afecten directament la manera com les persones joves viuen el seu cos, la seva identitat i les seves relacions. Mitjan\u00e7ant un recorregut immersiu en Realitat Virtual, les persones participants [&hellip;]<\/p>\n","protected":false},"featured_media":1055,"comment_status":"open","ping_status":"closed","template":"","meta":{"_acf_changed":false},"product_brand":[],"product_cat":[24],"product_tag":[],"class_list":{"0":"post-791","1":"product","2":"type-product","3":"status-publish","4":"has-post-thumbnail","6":"product_cat-ciberassetjament","8":"first","9":"instock","10":"downloadable","11":"virtual","12":"sold-individually","13":"taxable","14":"purchasable","15":"product-type-simple"},"acf":[],"_links":{"self":[{"href":"https:\/\/www.v-tools.es\/ca\/wp-json\/wp\/v2\/product\/791","targetHints":{"allow":["GET"]}}],"collection":[{"href":"https:\/\/www.v-tools.es\/ca\/wp-json\/wp\/v2\/product"}],"about":[{"href":"https:\/\/www.v-tools.es\/ca\/wp-json\/wp\/v2\/types\/product"}],"replies":[{"embeddable":true,"href":"https:\/\/www.v-tools.es\/ca\/wp-json\/wp\/v2\/comments?post=791"}],"wp:featuredmedia":[{"embeddable":true,"href":"https:\/\/www.v-tools.es\/ca\/wp-json\/wp\/v2\/media\/1055"}],"wp:attachment":[{"href":"https:\/\/www.v-tools.es\/ca\/wp-json\/wp\/v2\/media?parent=791"}],"wp:term":[{"taxonomy":"product_brand","embeddable":true,"href":"https:\/\/www.v-tools.es\/ca\/wp-json\/wp\/v2\/product_brand?post=791"},{"taxonomy":"product_cat","embeddable":true,"href":"https:\/\/www.v-tools.es\/ca\/wp-json\/wp\/v2\/product_cat?post=791"},{"taxonomy":"product_tag","embeddable":true,"href":"https:\/\/www.v-tools.es\/ca\/wp-json\/wp\/v2\/product_tag?post=791"}],"curies":[{"name":"wp","href":"https:\/\/api.w.org\/{rel}","templated":true}]}}