{"id":790,"date":"2023-11-27T00:32:25","date_gmt":"2023-11-26T23:32:25","guid":{"rendered":"https:\/\/www.v-tools.es\/producto\/soy-diferente\/"},"modified":"2025-10-19T11:59:35","modified_gmt":"2025-10-19T09:59:35","slug":"soc-diferent","status":"publish","type":"product","link":"https:\/\/www.v-tools.es\/ca\/producto\/soc-diferent\/","title":{"rendered":"Soc diferent"},"content":{"rendered":"<p class=\"\" data-start=\"251\" data-end=\"676\"><span style=\"color: #000000;\">Aquesta sessi\u00f3 immersiva en Realitat Virtual est\u00e0 inspirada en situacions de ciberassetjament que moltes persones adolescents pateixen en entorns educatius. Permet experimentar des de la perspectiva tant de la persona en rol de v\u00edctima com de la persona en rol d&#8217;assetjadora, i explorar com les difer\u00e8ncies imposades per la societat contribueixen a crear estereotips profunds que condicionen les relacions i l\u2019autoestima.<\/span><\/p>\n<p class=\"\" data-start=\"678\" data-end=\"960\"><span style=\"color: #000000;\">A trav\u00e9s d\u2019un recorregut immersiu, es crea un espai segur on les persones participants poden prendre consci\u00e8ncia del seu entorn, q\u00fcestionar els estereotips de g\u00e8nere i reflexionar sobre com poden contribuir a la creaci\u00f3 d\u2019una comunitat educativa basada en el respecte i la inclusi\u00f3.<\/span><\/p>\n<p class=\"\" data-start=\"962\" data-end=\"999\"><span style=\"color: #000000;\">Objectius de la sessi\u00f3 immersiva:<\/span><\/p>\n<p class=\"\" style=\"padding-left: 40px;\" data-start=\"1003\" data-end=\"1078\"><span style=\"color: #000000;\">Visibilitzar la relaci\u00f3 entre el ciberassetjament i els estereotips socials<\/span><\/p>\n<p class=\"\" style=\"padding-left: 40px;\" data-start=\"1081\" data-end=\"1160\"><span style=\"color: #000000;\">Fomentar la responsabilitat individual i col\u00b7lectiva davant les discriminacions<\/span><\/p>\n<p class=\"\" style=\"padding-left: 40px;\" data-start=\"1163\" data-end=\"1217\"><span style=\"color: #000000;\">Refor\u00e7ar l\u2019empatia mitjan\u00e7ant l\u2019experimentaci\u00f3 de rols<\/span><\/p>\n<p class=\"\" style=\"padding-left: 40px;\" data-start=\"1220\" data-end=\"1292\"><span style=\"color: #000000;\">Reflexionar sobre la import\u00e0ncia de l\u2019autoestima i la identitat personal<\/span><\/p>\n<p class=\"\" style=\"padding-left: 40px;\" data-start=\"1295\" data-end=\"1361\"><span style=\"color: #000000;\">Promoure espais educatius inclusius, segurs i lliures de viol\u00e8ncia<\/span><\/p>\n<p class=\"\" data-start=\"1363\" data-end=\"1502\"><span style=\"color: #000000;\">Una proposta educativa innovadora, recomanada per a centres educatius, tallers de conviv\u00e8ncia i accions de sensibilitzaci\u00f3 per a joves.<\/span><\/p>\n","protected":false},"excerpt":{"rendered":"<p>Aquesta sessi\u00f3 immersiva en Realitat Virtual est\u00e0 inspirada en situacions de ciberassetjament que moltes persones adolescents pateixen en entorns educatius. Permet experimentar des de la perspectiva tant de la persona en rol de v\u00edctima com de la persona en rol d&#8217;assetjadora, i explorar com les difer\u00e8ncies imposades per la societat contribueixen a crear estereotips profunds [&hellip;]<\/p>\n","protected":false},"featured_media":1059,"comment_status":"open","ping_status":"closed","template":"","meta":{"_acf_changed":false},"product_brand":[],"product_cat":[24],"product_tag":[],"class_list":{"0":"post-790","1":"product","2":"type-product","3":"status-publish","4":"has-post-thumbnail","6":"product_cat-ciberassetjament","8":"first","9":"instock","10":"downloadable","11":"virtual","12":"sold-individually","13":"taxable","14":"purchasable","15":"product-type-simple"},"acf":[],"_links":{"self":[{"href":"https:\/\/www.v-tools.es\/ca\/wp-json\/wp\/v2\/product\/790","targetHints":{"allow":["GET"]}}],"collection":[{"href":"https:\/\/www.v-tools.es\/ca\/wp-json\/wp\/v2\/product"}],"about":[{"href":"https:\/\/www.v-tools.es\/ca\/wp-json\/wp\/v2\/types\/product"}],"replies":[{"embeddable":true,"href":"https:\/\/www.v-tools.es\/ca\/wp-json\/wp\/v2\/comments?post=790"}],"wp:featuredmedia":[{"embeddable":true,"href":"https:\/\/www.v-tools.es\/ca\/wp-json\/wp\/v2\/media\/1059"}],"wp:attachment":[{"href":"https:\/\/www.v-tools.es\/ca\/wp-json\/wp\/v2\/media?parent=790"}],"wp:term":[{"taxonomy":"product_brand","embeddable":true,"href":"https:\/\/www.v-tools.es\/ca\/wp-json\/wp\/v2\/product_brand?post=790"},{"taxonomy":"product_cat","embeddable":true,"href":"https:\/\/www.v-tools.es\/ca\/wp-json\/wp\/v2\/product_cat?post=790"},{"taxonomy":"product_tag","embeddable":true,"href":"https:\/\/www.v-tools.es\/ca\/wp-json\/wp\/v2\/product_tag?post=790"}],"curies":[{"name":"wp","href":"https:\/\/api.w.org\/{rel}","templated":true}]}}