{"id":789,"date":"2023-11-26T00:30:49","date_gmt":"2023-11-25T23:30:49","guid":{"rendered":"https:\/\/www.v-tools.es\/producto\/hassan\/"},"modified":"2025-10-19T12:00:37","modified_gmt":"2025-10-19T10:00:37","slug":"hassan","status":"publish","type":"product","link":"https:\/\/www.v-tools.es\/ca\/producto\/hassan\/","title":{"rendered":"Hassan"},"content":{"rendered":"<p class=\"\" data-start=\"275\" data-end=\"888\">Aquesta sessi\u00f3 immersiva en Realitat Virtual s\u2019inspira en experi\u00e8ncies reals de ciberassetjament que pateixen moltes persones adolescents en entorns educatius. L\u2019activitat convida les persones participants a posar-se en la pell tant de la figura en rol de v\u00edctima com de la figura en rol d\u2019assetjadora, i facilita la comprensi\u00f3 de com les accions d\u2019un grup poden impactar profundament la vida d\u2019altres persones, especialment en relaci\u00f3 amb les difer\u00e8ncies culturals, les creences o les maneres de fer. L\u2019experi\u00e8ncia posa de relleu la import\u00e0ncia de respectar la diversitat \u00e8tnicocultural en qualsevol context.<\/p>\n<p class=\"\" data-start=\"890\" data-end=\"1172\">A trav\u00e9s d\u2019un recorregut immersiu, es crea un espai segur per reflexionar sobre com els prejudicis i els estereotips culturals poden conduir a formes de discriminaci\u00f3 subtil o directa, i com aquestes din\u00e0miques poden afectar el benestar emocional i social de les persones afectades.<\/p>\n<p class=\"\" data-start=\"1174\" data-end=\"1211\">Objectius de la sessi\u00f3 immersiva:<\/p>\n<p class=\"\" style=\"padding-left: 40px;\" data-start=\"1215\" data-end=\"1291\">Visibilitzar les relacions entre ciberassetjament i discriminaci\u00f3 cultural<\/p>\n<p class=\"\" style=\"padding-left: 40px;\" data-start=\"1294\" data-end=\"1374\">Experimentar les conseq\u00fc\u00e8ncies emocionals de l\u2019exclusi\u00f3 per motius identitaris<\/p>\n<p class=\"\" style=\"padding-left: 40px;\" data-start=\"1377\" data-end=\"1438\">Refor\u00e7ar el respecte per la diversitat en entorns educatius<\/p>\n<p class=\"\" style=\"padding-left: 40px;\" data-start=\"1441\" data-end=\"1512\">Fomentar una actitud cr\u00edtica davant dels estereotips i els prejudicis<\/p>\n<p class=\"\" style=\"padding-left: 40px;\" data-start=\"1515\" data-end=\"1595\">Promoure la construcci\u00f3 de comunitats inclusives, emp\u00e0tiques i col\u00b7laboratives<\/p>\n<p class=\"\" data-start=\"1597\" data-end=\"1736\">Una proposta educativa innovadora, recomanada per a centres educatius, tallers de conviv\u00e8ncia i accions de sensibilitzaci\u00f3 per a joves.<\/p>\n","protected":false},"excerpt":{"rendered":"<p>Aquesta sessi\u00f3 immersiva en Realitat Virtual s\u2019inspira en experi\u00e8ncies reals de ciberassetjament que pateixen moltes persones adolescents en entorns educatius. L\u2019activitat convida les persones participants a posar-se en la pell tant de la figura en rol de v\u00edctima com de la figura en rol d\u2019assetjadora, i facilita la comprensi\u00f3 de com les accions d\u2019un grup [&hellip;]<\/p>\n","protected":false},"featured_media":1053,"comment_status":"open","ping_status":"closed","template":"","meta":{"_acf_changed":false},"product_brand":[],"product_cat":[24],"product_tag":[],"class_list":{"0":"post-789","1":"product","2":"type-product","3":"status-publish","4":"has-post-thumbnail","6":"product_cat-ciberassetjament","8":"first","9":"instock","10":"downloadable","11":"virtual","12":"sold-individually","13":"taxable","14":"purchasable","15":"product-type-simple"},"acf":[],"_links":{"self":[{"href":"https:\/\/www.v-tools.es\/ca\/wp-json\/wp\/v2\/product\/789","targetHints":{"allow":["GET"]}}],"collection":[{"href":"https:\/\/www.v-tools.es\/ca\/wp-json\/wp\/v2\/product"}],"about":[{"href":"https:\/\/www.v-tools.es\/ca\/wp-json\/wp\/v2\/types\/product"}],"replies":[{"embeddable":true,"href":"https:\/\/www.v-tools.es\/ca\/wp-json\/wp\/v2\/comments?post=789"}],"wp:featuredmedia":[{"embeddable":true,"href":"https:\/\/www.v-tools.es\/ca\/wp-json\/wp\/v2\/media\/1053"}],"wp:attachment":[{"href":"https:\/\/www.v-tools.es\/ca\/wp-json\/wp\/v2\/media?parent=789"}],"wp:term":[{"taxonomy":"product_brand","embeddable":true,"href":"https:\/\/www.v-tools.es\/ca\/wp-json\/wp\/v2\/product_brand?post=789"},{"taxonomy":"product_cat","embeddable":true,"href":"https:\/\/www.v-tools.es\/ca\/wp-json\/wp\/v2\/product_cat?post=789"},{"taxonomy":"product_tag","embeddable":true,"href":"https:\/\/www.v-tools.es\/ca\/wp-json\/wp\/v2\/product_tag?post=789"}],"curies":[{"name":"wp","href":"https:\/\/api.w.org\/{rel}","templated":true}]}}