{"id":788,"date":"2023-11-25T12:45:38","date_gmt":"2023-11-25T11:45:38","guid":{"rendered":"https:\/\/www.v-tools.es\/producto\/mi-amigo-es-gay\/"},"modified":"2025-10-19T12:01:41","modified_gmt":"2025-10-19T10:01:41","slug":"el-meu-amic-es-gai","status":"publish","type":"product","link":"https:\/\/www.v-tools.es\/ca\/producto\/el-meu-amic-es-gai\/","title":{"rendered":"El meu amic \u00e9s gai"},"content":{"rendered":"<p class=\"\" data-start=\"267\" data-end=\"712\">Aquesta sessi\u00f3 immersiva en Realitat Virtual est\u00e0 inspirada en experi\u00e8ncies de ciberassetjament que pateixen moltes persones adolescents en entorns educatius per motius d\u2019orientaci\u00f3 sexual. L\u2019activitat permet viure i reflexionar sobre els riscos de compartir informaci\u00f3 privada sense consentiment, aix\u00ed com sobre la discriminaci\u00f3 que poden patir aquelles persones que trenquen amb les normes de g\u00e8nere o sexualitat imposades per la societat.<\/p>\n<p class=\"\" data-start=\"714\" data-end=\"998\">A trav\u00e9s d\u2019un recorregut immersiu, es crea un espai segur on les persones participants poden comprendre emocionalment les conseq\u00fc\u00e8ncies de l\u2019assetjament lligat a l\u2019orientaci\u00f3 sexual i identificar actituds i conductes que perpetuen la discriminaci\u00f3, tant de forma expl\u00edcita com subtil.<\/p>\n<p class=\"\" data-start=\"1000\" data-end=\"1037\">Objectius de la sessi\u00f3 immersiva:<\/p>\n<p class=\"\" style=\"padding-left: 40px;\" data-start=\"1041\" data-end=\"1107\">Visibilitzar el ciberassetjament motivat per l\u2019orientaci\u00f3 sexual<\/p>\n<p class=\"\" style=\"padding-left: 40px;\" data-start=\"1110\" data-end=\"1169\">Fomentar el respecte per la diversitat sexual i de g\u00e8nere<\/p>\n<p class=\"\" style=\"padding-left: 40px;\" data-start=\"1172\" data-end=\"1243\">Reflexionar sobre el consentiment i la privacitat en entorns digitals<\/p>\n<p class=\"\" style=\"padding-left: 40px;\" data-start=\"1246\" data-end=\"1316\">Desenvolupar una actitud cr\u00edtica envers les normes socials excloents<\/p>\n<p class=\"\" style=\"padding-left: 40px;\" data-start=\"1319\" data-end=\"1386\">Impulsar comunitats educatives inclusives, segures i respectuoses<\/p>\n<p class=\"\" data-start=\"1388\" data-end=\"1527\">Una proposta educativa innovadora, recomanada per a centres educatius, tallers de conviv\u00e8ncia i accions de sensibilitzaci\u00f3 per a joves.<\/p>\n","protected":false},"excerpt":{"rendered":"<p>Aquesta sessi\u00f3 immersiva en Realitat Virtual est\u00e0 inspirada en experi\u00e8ncies de ciberassetjament que pateixen moltes persones adolescents en entorns educatius per motius d\u2019orientaci\u00f3 sexual. L\u2019activitat permet viure i reflexionar sobre els riscos de compartir informaci\u00f3 privada sense consentiment, aix\u00ed com sobre la discriminaci\u00f3 que poden patir aquelles persones que trenquen amb les normes de g\u00e8nere [&hellip;]<\/p>\n","protected":false},"featured_media":1051,"comment_status":"open","ping_status":"closed","template":"","meta":{"_acf_changed":false},"product_brand":[],"product_cat":[24],"product_tag":[],"class_list":{"0":"post-788","1":"product","2":"type-product","3":"status-publish","4":"has-post-thumbnail","6":"product_cat-ciberassetjament","8":"first","9":"instock","10":"downloadable","11":"virtual","12":"sold-individually","13":"taxable","14":"purchasable","15":"product-type-simple"},"acf":[],"_links":{"self":[{"href":"https:\/\/www.v-tools.es\/ca\/wp-json\/wp\/v2\/product\/788","targetHints":{"allow":["GET"]}}],"collection":[{"href":"https:\/\/www.v-tools.es\/ca\/wp-json\/wp\/v2\/product"}],"about":[{"href":"https:\/\/www.v-tools.es\/ca\/wp-json\/wp\/v2\/types\/product"}],"replies":[{"embeddable":true,"href":"https:\/\/www.v-tools.es\/ca\/wp-json\/wp\/v2\/comments?post=788"}],"wp:featuredmedia":[{"embeddable":true,"href":"https:\/\/www.v-tools.es\/ca\/wp-json\/wp\/v2\/media\/1051"}],"wp:attachment":[{"href":"https:\/\/www.v-tools.es\/ca\/wp-json\/wp\/v2\/media?parent=788"}],"wp:term":[{"taxonomy":"product_brand","embeddable":true,"href":"https:\/\/www.v-tools.es\/ca\/wp-json\/wp\/v2\/product_brand?post=788"},{"taxonomy":"product_cat","embeddable":true,"href":"https:\/\/www.v-tools.es\/ca\/wp-json\/wp\/v2\/product_cat?post=788"},{"taxonomy":"product_tag","embeddable":true,"href":"https:\/\/www.v-tools.es\/ca\/wp-json\/wp\/v2\/product_tag?post=788"}],"curies":[{"name":"wp","href":"https:\/\/api.w.org\/{rel}","templated":true}]}}