{"id":787,"date":"2023-11-24T00:32:55","date_gmt":"2023-11-23T23:32:55","guid":{"rendered":"https:\/\/www.v-tools.es\/producto\/todas-somos-parte\/"},"modified":"2025-10-19T12:02:36","modified_gmt":"2025-10-19T10:02:36","slug":"totes-som-part","status":"publish","type":"product","link":"https:\/\/www.v-tools.es\/ca\/producto\/totes-som-part\/","title":{"rendered":"Totes som part"},"content":{"rendered":"<p class=\"\" data-start=\"276\" data-end=\"809\"><span style=\"color: #000000;\">Aquesta sessi\u00f3 immersiva en Realitat Virtual s&#8217;inspira en experi\u00e8ncies de ciberassetjament viscudes per moltes persones adolescents en entorns educatius. L\u2019activitat ofereix la possibilitat d\u2019experimentar des de la perspectiva de la persona en rol de v\u00edctima, d\u2019assetjadora i de consentidora, permetent entendre les din\u00e0miques que sostenen i alimenten el ciberassetjament. Aquesta viv\u00e8ncia afavoreix la comprensi\u00f3 emocional de les conseq\u00fc\u00e8ncies de cada rol i ajuda a desenvolupar una actitud cr\u00edtica davant d\u2019aquestes situacions.<\/span><\/p>\n<p class=\"\" data-start=\"811\" data-end=\"1114\"><span style=\"color: #000000;\">A trav\u00e9s d\u2019un recorregut immersiu, es crea un espai segur on les persones participants poden explorar l\u2019impacte de les seves accions i omissions, recon\u00e8ixer els mecanismes de complicitat silenciosa i reflexionar sobre el paper de cada persona en la construcci\u00f3 d\u2019un entorn educatiu m\u00e9s just i equitatiu.<\/span><\/p>\n<p class=\"\" data-start=\"1116\" data-end=\"1153\"><span style=\"color: #000000;\">Objectius de la sessi\u00f3 immersiva:<\/span><\/p>\n<p class=\"\" style=\"padding-left: 40px;\" data-start=\"1157\" data-end=\"1213\"><span style=\"color: #000000;\">Entendre les din\u00e0miques que sostenen el ciberassetjament<\/span><\/p>\n<p class=\"\" style=\"padding-left: 40px;\" data-start=\"1216\" data-end=\"1282\"><span style=\"color: #000000;\">Experimentar emocionalment les conseq\u00fc\u00e8ncies associades a cada rol<\/span><\/p>\n<p class=\"\" style=\"padding-left: 40px;\" data-start=\"1285\" data-end=\"1361\"><span style=\"color: #000000;\">Fomentar l\u2019esperit cr\u00edtic davant actituds normalitzades de viol\u00e8ncia digital<\/span><\/p>\n<p class=\"\" style=\"padding-left: 40px;\" data-start=\"1364\" data-end=\"1438\"><span style=\"color: #000000;\">Refor\u00e7ar la responsabilitat compartida per fer front a aquestes situacions<\/span><\/p>\n<p class=\"\" style=\"padding-left: 40px;\" data-start=\"1441\" data-end=\"1513\"><span style=\"color: #000000;\">Contribuir a la creaci\u00f3 d\u2019entorns educatius inclusius, segurs i emp\u00e0tics<\/span><\/p>\n<p class=\"\" data-start=\"1515\" data-end=\"1654\"><span style=\"color: #000000;\">Una proposta educativa innovadora, recomanada per a centres educatius, tallers de conviv\u00e8ncia i accions de sensibilitzaci\u00f3 per a joves.<\/span><\/p>\n","protected":false},"excerpt":{"rendered":"<p>Aquesta sessi\u00f3 immersiva en Realitat Virtual s&#8217;inspira en experi\u00e8ncies de ciberassetjament viscudes per moltes persones adolescents en entorns educatius. L\u2019activitat ofereix la possibilitat d\u2019experimentar des de la perspectiva de la persona en rol de v\u00edctima, d\u2019assetjadora i de consentidora, permetent entendre les din\u00e0miques que sostenen i alimenten el ciberassetjament. Aquesta viv\u00e8ncia afavoreix la comprensi\u00f3 emocional [&hellip;]<\/p>\n","protected":false},"featured_media":1061,"comment_status":"open","ping_status":"closed","template":"","meta":{"_acf_changed":false},"product_brand":[],"product_cat":[24],"product_tag":[],"class_list":{"0":"post-787","1":"product","2":"type-product","3":"status-publish","4":"has-post-thumbnail","6":"product_cat-ciberassetjament","8":"first","9":"instock","10":"downloadable","11":"virtual","12":"sold-individually","13":"taxable","14":"purchasable","15":"product-type-simple"},"acf":[],"_links":{"self":[{"href":"https:\/\/www.v-tools.es\/ca\/wp-json\/wp\/v2\/product\/787","targetHints":{"allow":["GET"]}}],"collection":[{"href":"https:\/\/www.v-tools.es\/ca\/wp-json\/wp\/v2\/product"}],"about":[{"href":"https:\/\/www.v-tools.es\/ca\/wp-json\/wp\/v2\/types\/product"}],"replies":[{"embeddable":true,"href":"https:\/\/www.v-tools.es\/ca\/wp-json\/wp\/v2\/comments?post=787"}],"wp:featuredmedia":[{"embeddable":true,"href":"https:\/\/www.v-tools.es\/ca\/wp-json\/wp\/v2\/media\/1061"}],"wp:attachment":[{"href":"https:\/\/www.v-tools.es\/ca\/wp-json\/wp\/v2\/media?parent=787"}],"wp:term":[{"taxonomy":"product_brand","embeddable":true,"href":"https:\/\/www.v-tools.es\/ca\/wp-json\/wp\/v2\/product_brand?post=787"},{"taxonomy":"product_cat","embeddable":true,"href":"https:\/\/www.v-tools.es\/ca\/wp-json\/wp\/v2\/product_cat?post=787"},{"taxonomy":"product_tag","embeddable":true,"href":"https:\/\/www.v-tools.es\/ca\/wp-json\/wp\/v2\/product_tag?post=787"}],"curies":[{"name":"wp","href":"https:\/\/api.w.org\/{rel}","templated":true}]}}