{"id":2422,"date":"2026-02-24T13:42:42","date_gmt":"2026-02-24T12:42:42","guid":{"rendered":"https:\/\/www.v-tools.es\/?post_type=product&#038;p=2422"},"modified":"2026-03-02T10:47:46","modified_gmt":"2026-03-02T09:47:46","slug":"una-atencio-amb-i-sense-acollida","status":"publish","type":"product","link":"https:\/\/www.v-tools.es\/ca\/producto\/una-atencio-amb-i-sense-acollida\/","title":{"rendered":"Una atenci\u00f3 amb i sense acollida"},"content":{"rendered":"<p data-start=\"0\" data-end=\"298\">Aquesta sessi\u00f3 immersiva en <strong data-start=\"28\" data-end=\"48\">Realitat Virtual<\/strong> se centra en la <strong data-start=\"65\" data-end=\"108\">prevenci\u00f3 de la viol\u00e8ncia institucional<\/strong>, posant el focus en com els procediments, actituds o din\u00e0miques dins d\u2019una instituci\u00f3 poden generar situacions de desprotecci\u00f3, revictimitzaci\u00f3 o tracte inadequat cap a les persones ateses.<\/p>\n<p data-start=\"300\" data-end=\"720\">L\u2019activitat aborda la import\u00e0ncia de l\u2019<strong data-start=\"339\" data-end=\"392\">acollida, l\u2019escolta activa i el tracte respectu\u00f3s<\/strong> en l\u2019atenci\u00f3 institucional, especialment quan una persona es troba en situaci\u00f3 de vulnerabilitat. La viol\u00e8ncia institucional no sempre es manifesta de manera expl\u00edcita; sovint apareix a trav\u00e9s de la manca d\u2019empatia, la burocratitzaci\u00f3 excessiva, la deslegitimaci\u00f3 del relat o la falta d\u2019informaci\u00f3 clara sobre drets i recursos.<\/p>\n<p data-start=\"722\" data-end=\"927\">Mitjan\u00e7ant la Realitat Virtual, les persones participants poden experimentar en primera persona dues situacions diferenciades d\u2019atenci\u00f3 institucional. En el v\u00eddeo trobaran <strong data-start=\"894\" data-end=\"926\">dues experi\u00e8ncies immersives<\/strong>:<\/p>\n<ul data-start=\"929\" data-end=\"1269\">\n<li data-start=\"929\" data-end=\"1071\">\n<p data-start=\"931\" data-end=\"1071\">Una escena d\u2019<strong data-start=\"944\" data-end=\"970\">atenci\u00f3 sense acollida<\/strong>, on el tracte \u00e9s fred, distant o poc sensible, mostrant un model de relaci\u00f3 professional millorable.<\/p>\n<\/li>\n<li data-start=\"1072\" data-end=\"1269\">\n<p data-start=\"1074\" data-end=\"1269\">Una escena d\u2019<strong data-start=\"1087\" data-end=\"1111\">atenci\u00f3 amb acollida<\/strong>, basada en l\u2019empatia, la validaci\u00f3 emocional i el respecte als temps i necessitats de la persona, exemplificant una intervenci\u00f3 adequada i centrada en drets.<\/p>\n<\/li>\n<\/ul>\n<p data-start=\"1271\" data-end=\"1443\">Aquesta comparativa permet visualitzar de manera clara la difer\u00e8ncia entre un tracte que pot generar revictimitzaci\u00f3 i un model d\u2019atenci\u00f3 \u00f2ptim, respectu\u00f3s i transformador.<\/p>\n<h3 data-start=\"1445\" data-end=\"1482\">Objectius de la sessi\u00f3 immersiva:<\/h3>\n<ul data-start=\"1484\" data-end=\"2039\">\n<li data-start=\"1484\" data-end=\"1611\">\n<p data-start=\"1486\" data-end=\"1611\">Visibilitzar la viol\u00e8ncia institucional com una forma de vulneraci\u00f3 de drets que pot produir-se dins dels circuits d\u2019atenci\u00f3.<\/p>\n<\/li>\n<li data-start=\"1612\" data-end=\"1712\">\n<p data-start=\"1614\" data-end=\"1712\">Identificar actituds, pr\u00e0ctiques i din\u00e0miques institucionals que poden resultar revictimitzadores.<\/p>\n<\/li>\n<li data-start=\"1713\" data-end=\"1824\">\n<p data-start=\"1715\" data-end=\"1824\">Sensibilitzar sobre l\u2019impacte emocional que t\u00e9 un tracte inadequat en persones en situaci\u00f3 de vulnerabilitat.<\/p>\n<\/li>\n<li data-start=\"1825\" data-end=\"1924\">\n<p data-start=\"1827\" data-end=\"1924\">Fomentar una mirada professional basada en l\u2019empatia, l\u2019escolta activa i la perspectiva de drets.<\/p>\n<\/li>\n<li data-start=\"1925\" data-end=\"2039\">\n<p data-start=\"1927\" data-end=\"2039\">Promoure models d\u2019intervenci\u00f3 centrats en la persona, amb criteris d\u2019acollida, respecte i qualitat en l\u2019atenci\u00f3.<\/p>\n<\/li>\n<\/ul>\n<p data-start=\"2041\" data-end=\"2300\" data-is-last-node=\"\" data-is-only-node=\"\">Una proposta formativa innovadora i vivencial, especialment indicada per a professionals de l\u2019\u00e0mbit social, educatiu, sanitari i jur\u00eddic, aix\u00ed com per a administracions p\u00fabliques compromeses amb la millora cont\u00ednua dels seus serveis d\u2019atenci\u00f3 a la ciutadania.<\/p>\n","protected":false},"excerpt":{"rendered":"<p>Aquesta sessi\u00f3 immersiva en Realitat Virtual se centra en la prevenci\u00f3 de la viol\u00e8ncia institucional, posant el focus en com els procediments, actituds o din\u00e0miques dins d\u2019una instituci\u00f3 poden generar situacions de desprotecci\u00f3, revictimitzaci\u00f3 o tracte inadequat cap a les persones ateses. L\u2019activitat aborda la import\u00e0ncia de l\u2019acollida, l\u2019escolta activa i el tracte respectu\u00f3s en [&hellip;]<\/p>\n","protected":false},"featured_media":2417,"comment_status":"open","ping_status":"closed","template":"","meta":{"_acf_changed":false},"product_brand":[],"product_cat":[36],"product_tag":[],"class_list":{"0":"post-2422","1":"product","2":"type-product","3":"status-publish","4":"has-post-thumbnail","6":"product_cat-prevencio-violencia-institucional","8":"first","9":"instock","10":"downloadable","11":"virtual","12":"sold-individually","13":"taxable","14":"purchasable","15":"product-type-simple"},"acf":[],"_links":{"self":[{"href":"https:\/\/www.v-tools.es\/ca\/wp-json\/wp\/v2\/product\/2422","targetHints":{"allow":["GET"]}}],"collection":[{"href":"https:\/\/www.v-tools.es\/ca\/wp-json\/wp\/v2\/product"}],"about":[{"href":"https:\/\/www.v-tools.es\/ca\/wp-json\/wp\/v2\/types\/product"}],"replies":[{"embeddable":true,"href":"https:\/\/www.v-tools.es\/ca\/wp-json\/wp\/v2\/comments?post=2422"}],"wp:featuredmedia":[{"embeddable":true,"href":"https:\/\/www.v-tools.es\/ca\/wp-json\/wp\/v2\/media\/2417"}],"wp:attachment":[{"href":"https:\/\/www.v-tools.es\/ca\/wp-json\/wp\/v2\/media?parent=2422"}],"wp:term":[{"taxonomy":"product_brand","embeddable":true,"href":"https:\/\/www.v-tools.es\/ca\/wp-json\/wp\/v2\/product_brand?post=2422"},{"taxonomy":"product_cat","embeddable":true,"href":"https:\/\/www.v-tools.es\/ca\/wp-json\/wp\/v2\/product_cat?post=2422"},{"taxonomy":"product_tag","embeddable":true,"href":"https:\/\/www.v-tools.es\/ca\/wp-json\/wp\/v2\/product_tag?post=2422"}],"curies":[{"name":"wp","href":"https:\/\/api.w.org\/{rel}","templated":true}]}}