{"id":2402,"date":"2026-02-23T17:14:46","date_gmt":"2026-02-23T16:14:46","guid":{"rendered":"https:\/\/www.v-tools.es\/?post_type=product&#038;p=2402"},"modified":"2026-02-24T11:06:29","modified_gmt":"2026-02-24T10:06:29","slug":"no-fa-gracia","status":"publish","type":"product","link":"https:\/\/www.v-tools.es\/ca\/producto\/no-fa-gracia\/","title":{"rendered":"No fa gr\u00e0cia"},"content":{"rendered":"<p dir=\"ltr\">Aquesta sessi\u00f3 immersiva en Realitat Virtual explora com l\u2019humor sexualitzat pot esdevenir una forma d\u2019assetjament quan exposa, ridiculitza o minimitza el malestar d\u2019una persona en p\u00fablic. L\u2019experi\u00e8ncia permet viure en primera persona l\u2019impacte d\u2019una broma que \u201cno fa gr\u00e0cia\u201d i observar com la reacci\u00f3 del grup pot refor\u00e7ar o frenar la situaci\u00f3.<\/p>\n<p dir=\"ltr\">La sessi\u00f3 convida a reflexionar sobre la pressi\u00f3 de pertinen\u00e7a, el riure c\u00f2mplice i el silenci com a mecanismes que sostenen din\u00e0miques d\u2019exclusi\u00f3. Destaca que l\u2019humor no justifica la vulneraci\u00f3 de la dignitat i que intervenir \u00e9s una forma activa de cura comunit\u00e0ria.<\/p>\n<p dir=\"ltr\">Objectius de la sessi\u00f3 immersiva:<\/p>\n<ul>\n<li dir=\"ltr\">\n<p dir=\"ltr\" role=\"presentation\">Identificar din\u00e0miques d\u2019humor sexualitzat que poden constituir assetjament.<\/p>\n<\/li>\n<li dir=\"ltr\">\n<p dir=\"ltr\" role=\"presentation\">Analitzar el paper del grup en la normalitzaci\u00f3 d\u2019aquestes conductes.<\/p>\n<\/li>\n<li dir=\"ltr\">\n<p dir=\"ltr\" role=\"presentation\">Refor\u00e7ar la legitimitat d\u2019expressar el malestar.<\/p>\n<\/li>\n<li dir=\"ltr\">\n<p dir=\"ltr\" role=\"presentation\">Promoure la intervenci\u00f3 segura i la corresponsabilitat col\u00b7lectiva.<\/p>\n<\/li>\n<\/ul>\n<p dir=\"ltr\">Recomanada per a: universitats i centres d\u2019educaci\u00f3 superior compromesos amb la igualtat, la prevenci\u00f3 de l\u2019assetjament i la construcci\u00f3 d\u2019una cultura universit\u00e0ria basada en el respecte.<\/p>\n","protected":false},"excerpt":{"rendered":"<p>Aquesta sessi\u00f3 immersiva en Realitat Virtual explora com l\u2019humor sexualitzat pot esdevenir una forma d\u2019assetjament quan exposa, ridiculitza o minimitza el malestar d\u2019una persona en p\u00fablic. L\u2019experi\u00e8ncia permet viure en primera persona l\u2019impacte d\u2019una broma que \u201cno fa gr\u00e0cia\u201d i observar com la reacci\u00f3 del grup pot refor\u00e7ar o frenar la situaci\u00f3. La sessi\u00f3 convida [&hellip;]<\/p>\n","protected":false},"featured_media":2396,"comment_status":"open","ping_status":"closed","template":"","meta":{"_acf_changed":false},"product_brand":[],"product_cat":[35],"product_tag":[],"class_list":{"0":"post-2402","1":"product","2":"type-product","3":"status-publish","4":"has-post-thumbnail","6":"product_cat-prevencio-assetjament-sexual-universitari","8":"first","9":"instock","10":"downloadable","11":"virtual","12":"sold-individually","13":"taxable","14":"purchasable","15":"product-type-simple"},"acf":[],"_links":{"self":[{"href":"https:\/\/www.v-tools.es\/ca\/wp-json\/wp\/v2\/product\/2402","targetHints":{"allow":["GET"]}}],"collection":[{"href":"https:\/\/www.v-tools.es\/ca\/wp-json\/wp\/v2\/product"}],"about":[{"href":"https:\/\/www.v-tools.es\/ca\/wp-json\/wp\/v2\/types\/product"}],"replies":[{"embeddable":true,"href":"https:\/\/www.v-tools.es\/ca\/wp-json\/wp\/v2\/comments?post=2402"}],"wp:featuredmedia":[{"embeddable":true,"href":"https:\/\/www.v-tools.es\/ca\/wp-json\/wp\/v2\/media\/2396"}],"wp:attachment":[{"href":"https:\/\/www.v-tools.es\/ca\/wp-json\/wp\/v2\/media?parent=2402"}],"wp:term":[{"taxonomy":"product_brand","embeddable":true,"href":"https:\/\/www.v-tools.es\/ca\/wp-json\/wp\/v2\/product_brand?post=2402"},{"taxonomy":"product_cat","embeddable":true,"href":"https:\/\/www.v-tools.es\/ca\/wp-json\/wp\/v2\/product_cat?post=2402"},{"taxonomy":"product_tag","embeddable":true,"href":"https:\/\/www.v-tools.es\/ca\/wp-json\/wp\/v2\/product_tag?post=2402"}],"curies":[{"name":"wp","href":"https:\/\/api.w.org\/{rel}","templated":true}]}}