{"id":2401,"date":"2026-02-23T17:12:54","date_gmt":"2026-02-23T16:12:54","guid":{"rendered":"https:\/\/www.v-tools.es\/?post_type=product&#038;p=2401"},"modified":"2026-02-24T11:04:55","modified_gmt":"2026-02-24T10:04:55","slug":"tocament-no-consentit","status":"publish","type":"product","link":"https:\/\/www.v-tools.es\/ca\/producto\/tocament-no-consentit\/","title":{"rendered":"Tocament no consentit"},"content":{"rendered":"<p dir=\"ltr\">Aquesta sessi\u00f3 immersiva en Realitat Virtual reflexiona sobre el contacte f\u00edsic no consentit i els l\u00edmits corporals en contextos universitaris. L\u2019experi\u00e8ncia situa la persona participant en una situaci\u00f3 en qu\u00e8 un gest aparentment \u201ccasual\u201d vulnera el consentiment i genera incomoditat, posant en evid\u00e8ncia la import\u00e0ncia del respecte al propi cos.<\/p>\n<p dir=\"ltr\">La sessi\u00f3 permet comprendre que el consentiment no \u00e9s impl\u00edcit ni negociable, i que la intenci\u00f3 no neutralitza l\u2019impacte. Subratlla la responsabilitat individual i col\u00b7lectiva de recon\u00e8ixer, validar i frenar qualsevol conducta que traspassi l\u00edmits.<\/p>\n<p dir=\"ltr\">Objectius de la sessi\u00f3 immersiva:<\/p>\n<ul>\n<li dir=\"ltr\">\n<p dir=\"ltr\" role=\"presentation\">Visibilitzar la import\u00e0ncia del consentiment expl\u00edcit.<\/p>\n<\/li>\n<li dir=\"ltr\">\n<p dir=\"ltr\" role=\"presentation\">Recon\u00e8ixer l\u2019impacte del contacte f\u00edsic no desitjat.<\/p>\n<\/li>\n<li dir=\"ltr\">\n<p dir=\"ltr\" role=\"presentation\">Refor\u00e7ar la legitimitat d\u2019expressar els propis l\u00edmits.<\/p>\n<\/li>\n<li dir=\"ltr\">\n<p dir=\"ltr\" role=\"presentation\">Fomentar la corresponsabilitat de l\u2019entorn davant situacions de vulneraci\u00f3.<\/p>\n<\/li>\n<\/ul>\n<p dir=\"ltr\">Recomanada per a: universitats i comunitats educatives que vulguin enfortir la cultura del consentiment i la prevenci\u00f3 de l\u2019assetjament sexual entre iguals.<\/p>\n","protected":false},"excerpt":{"rendered":"<p>Aquesta sessi\u00f3 immersiva en Realitat Virtual reflexiona sobre el contacte f\u00edsic no consentit i els l\u00edmits corporals en contextos universitaris. L\u2019experi\u00e8ncia situa la persona participant en una situaci\u00f3 en qu\u00e8 un gest aparentment \u201ccasual\u201d vulnera el consentiment i genera incomoditat, posant en evid\u00e8ncia la import\u00e0ncia del respecte al propi cos. La sessi\u00f3 permet comprendre que [&hellip;]<\/p>\n","protected":false},"featured_media":2395,"comment_status":"open","ping_status":"closed","template":"","meta":{"_acf_changed":false},"product_brand":[],"product_cat":[35],"product_tag":[],"class_list":{"0":"post-2401","1":"product","2":"type-product","3":"status-publish","4":"has-post-thumbnail","6":"product_cat-prevencio-assetjament-sexual-universitari","8":"first","9":"instock","10":"downloadable","11":"virtual","12":"sold-individually","13":"taxable","14":"purchasable","15":"product-type-simple"},"acf":[],"_links":{"self":[{"href":"https:\/\/www.v-tools.es\/ca\/wp-json\/wp\/v2\/product\/2401","targetHints":{"allow":["GET"]}}],"collection":[{"href":"https:\/\/www.v-tools.es\/ca\/wp-json\/wp\/v2\/product"}],"about":[{"href":"https:\/\/www.v-tools.es\/ca\/wp-json\/wp\/v2\/types\/product"}],"replies":[{"embeddable":true,"href":"https:\/\/www.v-tools.es\/ca\/wp-json\/wp\/v2\/comments?post=2401"}],"wp:featuredmedia":[{"embeddable":true,"href":"https:\/\/www.v-tools.es\/ca\/wp-json\/wp\/v2\/media\/2395"}],"wp:attachment":[{"href":"https:\/\/www.v-tools.es\/ca\/wp-json\/wp\/v2\/media?parent=2401"}],"wp:term":[{"taxonomy":"product_brand","embeddable":true,"href":"https:\/\/www.v-tools.es\/ca\/wp-json\/wp\/v2\/product_brand?post=2401"},{"taxonomy":"product_cat","embeddable":true,"href":"https:\/\/www.v-tools.es\/ca\/wp-json\/wp\/v2\/product_cat?post=2401"},{"taxonomy":"product_tag","embeddable":true,"href":"https:\/\/www.v-tools.es\/ca\/wp-json\/wp\/v2\/product_tag?post=2401"}],"curies":[{"name":"wp","href":"https:\/\/api.w.org\/{rel}","templated":true}]}}