{"id":2393,"date":"2026-02-23T17:09:19","date_gmt":"2026-02-23T16:09:19","guid":{"rendered":"https:\/\/www.v-tools.es\/?post_type=product&#038;p=2393"},"modified":"2026-02-24T11:07:08","modified_gmt":"2026-02-24T10:07:08","slug":"mirades-que-pesen","status":"publish","type":"product","link":"https:\/\/www.v-tools.es\/ca\/producto\/mirades-que-pesen\/","title":{"rendered":"Mirades que pesen"},"content":{"rendered":"<p dir=\"ltr\">Aquesta sessi\u00f3 immersiva en Realitat Virtual aborda l\u2019impacte de les mirades insistents i dels comentaris aparentment \u201cinofensius\u201d en entorns universitaris. A trav\u00e9s d\u2019una experi\u00e8ncia en primera persona, permet comprendre com determinades conductes normalitzades poden generar incomoditat, inseguretat i una sensaci\u00f3 d\u2019exposici\u00f3 constant.<\/p>\n<p dir=\"ltr\">L\u2019experi\u00e8ncia convida a reflexionar sobre com el grup influeix en la percepci\u00f3 del que \u00e9s acceptable i com el riure, el silenci o la minimitzaci\u00f3 poden sostenir situacions que vulneren la dignitat. Destaca la import\u00e0ncia d\u2019intervenir de manera segura i de construir una cultura universit\u00e0ria basada en el respecte i el consentiment.<\/p>\n<p dir=\"ltr\">Objectius de la sessi\u00f3 immersiva:<\/p>\n<ul>\n<li dir=\"ltr\">\n<p dir=\"ltr\" role=\"presentation\">Identificar formes subtils d\u2019assetjament sexual normalitzat.<\/p>\n<\/li>\n<li dir=\"ltr\">\n<p dir=\"ltr\" role=\"presentation\">Comprendre l\u2019impacte emocional de les mirades i comentaris persistents.<\/p>\n<\/li>\n<li dir=\"ltr\">\n<p dir=\"ltr\" role=\"presentation\">Reflexionar sobre el paper del grup en la perpetuaci\u00f3 o el fre d\u2019aquestes conductes.<\/p>\n<\/li>\n<li dir=\"ltr\">\n<p dir=\"ltr\" role=\"presentation\">Promoure una cultura universit\u00e0ria de consentiment i respecte mutu.<\/p>\n<\/li>\n<\/ul>\n<p dir=\"ltr\">Recomanada per a: universitats, facultats i centres formatius compromesos amb la prevenci\u00f3 de l\u2019assetjament sexual i la construcci\u00f3 d\u2019espais segurs i inclusius.<\/p>\n","protected":false},"excerpt":{"rendered":"<p>Aquesta sessi\u00f3 immersiva en Realitat Virtual aborda l\u2019impacte de les mirades insistents i dels comentaris aparentment \u201cinofensius\u201d en entorns universitaris. A trav\u00e9s d\u2019una experi\u00e8ncia en primera persona, permet comprendre com determinades conductes normalitzades poden generar incomoditat, inseguretat i una sensaci\u00f3 d\u2019exposici\u00f3 constant. L\u2019experi\u00e8ncia convida a reflexionar sobre com el grup influeix en la percepci\u00f3 del [&hellip;]<\/p>\n","protected":false},"featured_media":2394,"comment_status":"open","ping_status":"closed","template":"","meta":{"_acf_changed":false},"product_brand":[],"product_cat":[35],"product_tag":[],"class_list":{"0":"post-2393","1":"product","2":"type-product","3":"status-publish","4":"has-post-thumbnail","6":"product_cat-prevencio-assetjament-sexual-universitari","8":"first","9":"instock","10":"downloadable","11":"virtual","12":"sold-individually","13":"taxable","14":"purchasable","15":"product-type-simple"},"acf":[],"_links":{"self":[{"href":"https:\/\/www.v-tools.es\/ca\/wp-json\/wp\/v2\/product\/2393","targetHints":{"allow":["GET"]}}],"collection":[{"href":"https:\/\/www.v-tools.es\/ca\/wp-json\/wp\/v2\/product"}],"about":[{"href":"https:\/\/www.v-tools.es\/ca\/wp-json\/wp\/v2\/types\/product"}],"replies":[{"embeddable":true,"href":"https:\/\/www.v-tools.es\/ca\/wp-json\/wp\/v2\/comments?post=2393"}],"wp:featuredmedia":[{"embeddable":true,"href":"https:\/\/www.v-tools.es\/ca\/wp-json\/wp\/v2\/media\/2394"}],"wp:attachment":[{"href":"https:\/\/www.v-tools.es\/ca\/wp-json\/wp\/v2\/media?parent=2393"}],"wp:term":[{"taxonomy":"product_brand","embeddable":true,"href":"https:\/\/www.v-tools.es\/ca\/wp-json\/wp\/v2\/product_brand?post=2393"},{"taxonomy":"product_cat","embeddable":true,"href":"https:\/\/www.v-tools.es\/ca\/wp-json\/wp\/v2\/product_cat?post=2393"},{"taxonomy":"product_tag","embeddable":true,"href":"https:\/\/www.v-tools.es\/ca\/wp-json\/wp\/v2\/product_tag?post=2393"}],"curies":[{"name":"wp","href":"https:\/\/api.w.org\/{rel}","templated":true}]}}