{"id":2248,"date":"2025-11-10T17:07:48","date_gmt":"2025-11-10T16:07:48","guid":{"rendered":"https:\/\/www.v-tools.es\/?post_type=product&#038;p=2248"},"modified":"2025-11-11T15:37:55","modified_gmt":"2025-11-11T14:37:55","slug":"has-vist-el-video-que-circula-de-la-marina","status":"publish","type":"product","link":"https:\/\/www.v-tools.es\/ca\/producto\/has-vist-el-video-que-circula-de-la-marina\/","title":{"rendered":"Has vist el v\u00eddeo que circula de la Marina?"},"content":{"rendered":"<p data-start=\"2664\" data-end=\"2960\">Aquesta sessi\u00f3 immersiva en Realitat Virtual reflexiona sobre la difusi\u00f3 no consentida de continguts \u00edntims i les viol\u00e8ncies digitals que vulneren la intimitat i la dignitat de les persones. La sessi\u00f3 mostra l\u2019impacte emocional, la vergonya i el silenci que sovint envolten aquestes situacions.<\/p>\n<p data-start=\"2962\" data-end=\"3157\">L\u2019experi\u00e8ncia convida a prendre consci\u00e8ncia del poder del consentiment i de la responsabilitat col\u00b7lectiva en l\u2019\u00fas de les xarxes, promovent entorns segurs, respectuosos i lliures d\u2019assetjament.<\/p>\n<p data-start=\"3159\" data-end=\"3198\">Objectius de la sessi\u00f3 immersiva:<\/p>\n<ul data-start=\"3199\" data-end=\"3501\">\n<li data-start=\"3199\" data-end=\"3279\">\n<p data-start=\"3201\" data-end=\"3279\">Sensibilitzar sobre les conseq\u00fc\u00e8ncies del sexpreading i el ciberassetjament.<\/p>\n<\/li>\n<li data-start=\"3280\" data-end=\"3345\">\n<p data-start=\"3282\" data-end=\"3345\">Refor\u00e7ar la cultura del consentiment i la privacitat digital.<\/p>\n<\/li>\n<li data-start=\"3346\" data-end=\"3425\">\n<p data-start=\"3348\" data-end=\"3425\">Fomentar la corresponsabilitat davant la difusi\u00f3 de contingut no consentit.<\/p>\n<\/li>\n<li data-start=\"3426\" data-end=\"3501\">\n<p data-start=\"3428\" data-end=\"3501\">Promoure espais educatius i laborals lliures de viol\u00e8ncia i humiliaci\u00f3.<\/p>\n<\/li>\n<\/ul>\n<p data-start=\"3503\" data-end=\"3687\">Recomanada per a: empreses, centres educatius, administracions p\u00fabliques i entitats compromeses amb la igualtat, la conviv\u00e8ncia digital i la prevenci\u00f3 de les viol\u00e8ncies masclistes.<\/p>\n","protected":false},"excerpt":{"rendered":"<p>Aquesta sessi\u00f3 immersiva en Realitat Virtual reflexiona sobre la difusi\u00f3 no consentida de continguts \u00edntims i les viol\u00e8ncies digitals que vulneren la intimitat i la dignitat de les persones. La sessi\u00f3 mostra l\u2019impacte emocional, la vergonya i el silenci que sovint envolten aquestes situacions. L\u2019experi\u00e8ncia convida a prendre consci\u00e8ncia del poder del consentiment i de [&hellip;]<\/p>\n","protected":false},"featured_media":2233,"comment_status":"open","ping_status":"closed","template":"","meta":{"_acf_changed":false},"product_brand":[],"product_cat":[31],"product_tag":[],"class_list":{"0":"post-2248","1":"product","2":"type-product","3":"status-publish","4":"has-post-thumbnail","6":"product_cat-violencies-masclistes","8":"first","9":"instock","10":"downloadable","11":"virtual","12":"sold-individually","13":"taxable","14":"purchasable","15":"product-type-simple"},"acf":[],"_links":{"self":[{"href":"https:\/\/www.v-tools.es\/ca\/wp-json\/wp\/v2\/product\/2248","targetHints":{"allow":["GET"]}}],"collection":[{"href":"https:\/\/www.v-tools.es\/ca\/wp-json\/wp\/v2\/product"}],"about":[{"href":"https:\/\/www.v-tools.es\/ca\/wp-json\/wp\/v2\/types\/product"}],"replies":[{"embeddable":true,"href":"https:\/\/www.v-tools.es\/ca\/wp-json\/wp\/v2\/comments?post=2248"}],"wp:featuredmedia":[{"embeddable":true,"href":"https:\/\/www.v-tools.es\/ca\/wp-json\/wp\/v2\/media\/2233"}],"wp:attachment":[{"href":"https:\/\/www.v-tools.es\/ca\/wp-json\/wp\/v2\/media?parent=2248"}],"wp:term":[{"taxonomy":"product_brand","embeddable":true,"href":"https:\/\/www.v-tools.es\/ca\/wp-json\/wp\/v2\/product_brand?post=2248"},{"taxonomy":"product_cat","embeddable":true,"href":"https:\/\/www.v-tools.es\/ca\/wp-json\/wp\/v2\/product_cat?post=2248"},{"taxonomy":"product_tag","embeddable":true,"href":"https:\/\/www.v-tools.es\/ca\/wp-json\/wp\/v2\/product_tag?post=2248"}],"curies":[{"name":"wp","href":"https:\/\/api.w.org\/{rel}","templated":true}]}}