{"id":2247,"date":"2025-11-10T17:01:43","date_gmt":"2025-11-10T16:01:43","guid":{"rendered":"https:\/\/www.v-tools.es\/?post_type=product&#038;p=2247"},"modified":"2025-11-11T15:43:40","modified_gmt":"2025-11-11T14:43:40","slug":"ruben-es-un-encant","status":"publish","type":"product","link":"https:\/\/www.v-tools.es\/ca\/producto\/ruben-es-un-encant\/","title":{"rendered":"Rub\u00e9n \u00e9s un encant"},"content":{"rendered":"<p data-start=\"1580\" data-end=\"1897\">Aquesta sessi\u00f3 immersiva en Realitat Virtual reflexiona sobre la viol\u00e8ncia psicol\u00f2gica i de control dins la parella, sovint amagada darrere l\u2019aparen\u00e7a de normalitat i afecte. La sessi\u00f3 mostra les emocions de la protagonista davant la manipulaci\u00f3 i el menyspreu, i com el domini pot conviure amb la tendresa aparent.<\/p>\n<p data-start=\"1899\" data-end=\"2116\">L\u2019experi\u00e8ncia convida a recon\u00e8ixer els senyals d\u2019alerta i els mecanismes de culpa que perpetuen la viol\u00e8ncia, i posa en valor la necessitat de relacions basades en la confian\u00e7a, el respecte i la llibertat emocional.<\/p>\n<p data-start=\"2118\" data-end=\"2157\">Objectius de la sessi\u00f3 immersiva:<\/p>\n<ul data-start=\"2158\" data-end=\"2449\">\n<li data-start=\"2158\" data-end=\"2235\">\n<p data-start=\"2160\" data-end=\"2235\">Identificar els patrons de control i viol\u00e8ncia psicol\u00f2gica en la parella.<\/p>\n<\/li>\n<li data-start=\"2236\" data-end=\"2305\">\n<p data-start=\"2238\" data-end=\"2305\">Desmuntar mites i estereotips sobre l\u2019amor rom\u00e0ntic i la gelosia.<\/p>\n<\/li>\n<li data-start=\"2306\" data-end=\"2378\">\n<p data-start=\"2308\" data-end=\"2378\">Refor\u00e7ar l\u2019autoestima i la capacitat de detectar situacions de risc.<\/p>\n<\/li>\n<li data-start=\"2379\" data-end=\"2449\">\n<p data-start=\"2381\" data-end=\"2449\">Promoure relacions afectives lliures, igualit\u00e0ries i respectuoses.<\/p>\n<\/li>\n<\/ul>\n<p data-start=\"2451\" data-end=\"2585\">Recomanada per a: empreses, centres educatius, administracions p\u00fabliques i entitats compromeses amb la igualtat, la conviv\u00e8ncia digital i la prevenci\u00f3 de les viol\u00e8ncies masclistes.<\/p>\n","protected":false},"excerpt":{"rendered":"<p>Aquesta sessi\u00f3 immersiva en Realitat Virtual reflexiona sobre la viol\u00e8ncia psicol\u00f2gica i de control dins la parella, sovint amagada darrere l\u2019aparen\u00e7a de normalitat i afecte. La sessi\u00f3 mostra les emocions de la protagonista davant la manipulaci\u00f3 i el menyspreu, i com el domini pot conviure amb la tendresa aparent. L\u2019experi\u00e8ncia convida a recon\u00e8ixer els senyals [&hellip;]<\/p>\n","protected":false},"featured_media":2231,"comment_status":"open","ping_status":"closed","template":"","meta":{"_acf_changed":false},"product_brand":[],"product_cat":[31],"product_tag":[],"class_list":{"0":"post-2247","1":"product","2":"type-product","3":"status-publish","4":"has-post-thumbnail","6":"product_cat-violencies-masclistes","8":"first","9":"instock","10":"downloadable","11":"virtual","12":"sold-individually","13":"taxable","14":"purchasable","15":"product-type-simple"},"acf":[],"_links":{"self":[{"href":"https:\/\/www.v-tools.es\/ca\/wp-json\/wp\/v2\/product\/2247","targetHints":{"allow":["GET"]}}],"collection":[{"href":"https:\/\/www.v-tools.es\/ca\/wp-json\/wp\/v2\/product"}],"about":[{"href":"https:\/\/www.v-tools.es\/ca\/wp-json\/wp\/v2\/types\/product"}],"replies":[{"embeddable":true,"href":"https:\/\/www.v-tools.es\/ca\/wp-json\/wp\/v2\/comments?post=2247"}],"wp:featuredmedia":[{"embeddable":true,"href":"https:\/\/www.v-tools.es\/ca\/wp-json\/wp\/v2\/media\/2231"}],"wp:attachment":[{"href":"https:\/\/www.v-tools.es\/ca\/wp-json\/wp\/v2\/media?parent=2247"}],"wp:term":[{"taxonomy":"product_brand","embeddable":true,"href":"https:\/\/www.v-tools.es\/ca\/wp-json\/wp\/v2\/product_brand?post=2247"},{"taxonomy":"product_cat","embeddable":true,"href":"https:\/\/www.v-tools.es\/ca\/wp-json\/wp\/v2\/product_cat?post=2247"},{"taxonomy":"product_tag","embeddable":true,"href":"https:\/\/www.v-tools.es\/ca\/wp-json\/wp\/v2\/product_tag?post=2247"}],"curies":[{"name":"wp","href":"https:\/\/api.w.org\/{rel}","templated":true}]}}