{"id":2245,"date":"2025-11-10T16:36:15","date_gmt":"2025-11-10T15:36:15","guid":{"rendered":"https:\/\/www.v-tools.es\/?post_type=product&#038;p=2245"},"modified":"2025-11-11T15:35:12","modified_gmt":"2025-11-11T14:35:12","slug":"doctor-no-em-trobo-be","status":"publish","type":"product","link":"https:\/\/www.v-tools.es\/ca\/producto\/doctor-no-em-trobo-be\/","title":{"rendered":"Doctor no em trobo b\u00e9"},"content":{"rendered":"<p data-start=\"375\" data-end=\"741\">Aquesta sessi\u00f3 immersiva en Realitat Virtual reflexiona sobre com la viol\u00e8ncia masclista pot apar\u00e8ixer en espais quotidians com una consulta m\u00e8dica, sota formes de paternalisme, infravaloraci\u00f3 i manca d\u2019escolta. La sessi\u00f3 mostra les emocions d\u2019una dona que busca ajuda i no \u00e9s creguda, posant en relleu la necessitat de persones professionals formades i amb mirada emp\u00e0tica.<\/p>\n<p data-start=\"743\" data-end=\"978\">L\u2019experi\u00e8ncia convida a comprendre com l\u2019atenci\u00f3 sanit\u00e0ria pot ser un espai clau per detectar, acompanyar i donar veu a les v\u00edctimes, i refor\u00e7a la import\u00e0ncia de construir entorns institucionals lliures de viol\u00e8ncia i d\u2019indifer\u00e8ncia.<\/p>\n<p data-start=\"980\" data-end=\"1019\">Objectius de la sessi\u00f3 immersiva:<\/p>\n<ul data-start=\"1020\" data-end=\"1352\">\n<li data-start=\"1020\" data-end=\"1104\">\n<p data-start=\"1022\" data-end=\"1104\">Visibilitzar les formes subtils de viol\u00e8ncia masclista dins l\u2019\u00e0mbit de la salut.<\/p>\n<\/li>\n<li data-start=\"1105\" data-end=\"1184\">\n<p data-start=\"1107\" data-end=\"1184\">Refor\u00e7ar el paper del personal professional en la detecci\u00f3 i acompanyament.<\/p>\n<\/li>\n<li data-start=\"1185\" data-end=\"1271\">\n<p data-start=\"1187\" data-end=\"1271\">Promoure una cultura sanit\u00e0ria basada en l\u2019escolta, la credibilitat i el respecte.<\/p>\n<\/li>\n<li data-start=\"1272\" data-end=\"1352\">\n<p data-start=\"1274\" data-end=\"1352\">Fomentar la formaci\u00f3 en perspectiva de g\u00e8nere en tots els serveis d\u2019atenci\u00f3.<\/p>\n<\/li>\n<\/ul>\n<p data-start=\"1354\" data-end=\"1523\">Recomanada per a: professionals de la salut, serveis socials, administracions p\u00fabliques i entitats compromeses amb la detecci\u00f3 i prevenci\u00f3 de la viol\u00e8ncia masclista.<\/p>\n","protected":false},"excerpt":{"rendered":"<p>Aquesta sessi\u00f3 immersiva en Realitat Virtual reflexiona sobre com la viol\u00e8ncia masclista pot apar\u00e8ixer en espais quotidians com una consulta m\u00e8dica, sota formes de paternalisme, infravaloraci\u00f3 i manca d\u2019escolta. La sessi\u00f3 mostra les emocions d\u2019una dona que busca ajuda i no \u00e9s creguda, posant en relleu la necessitat de persones professionals formades i amb mirada [&hellip;]<\/p>\n","protected":false},"featured_media":2235,"comment_status":"open","ping_status":"closed","template":"","meta":{"_acf_changed":false},"product_brand":[],"product_cat":[31],"product_tag":[],"class_list":{"0":"post-2245","1":"product","2":"type-product","3":"status-publish","4":"has-post-thumbnail","6":"product_cat-violencies-masclistes","8":"first","9":"instock","10":"downloadable","11":"virtual","12":"sold-individually","13":"taxable","14":"purchasable","15":"product-type-simple"},"acf":[],"_links":{"self":[{"href":"https:\/\/www.v-tools.es\/ca\/wp-json\/wp\/v2\/product\/2245","targetHints":{"allow":["GET"]}}],"collection":[{"href":"https:\/\/www.v-tools.es\/ca\/wp-json\/wp\/v2\/product"}],"about":[{"href":"https:\/\/www.v-tools.es\/ca\/wp-json\/wp\/v2\/types\/product"}],"replies":[{"embeddable":true,"href":"https:\/\/www.v-tools.es\/ca\/wp-json\/wp\/v2\/comments?post=2245"}],"wp:featuredmedia":[{"embeddable":true,"href":"https:\/\/www.v-tools.es\/ca\/wp-json\/wp\/v2\/media\/2235"}],"wp:attachment":[{"href":"https:\/\/www.v-tools.es\/ca\/wp-json\/wp\/v2\/media?parent=2245"}],"wp:term":[{"taxonomy":"product_brand","embeddable":true,"href":"https:\/\/www.v-tools.es\/ca\/wp-json\/wp\/v2\/product_brand?post=2245"},{"taxonomy":"product_cat","embeddable":true,"href":"https:\/\/www.v-tools.es\/ca\/wp-json\/wp\/v2\/product_cat?post=2245"},{"taxonomy":"product_tag","embeddable":true,"href":"https:\/\/www.v-tools.es\/ca\/wp-json\/wp\/v2\/product_tag?post=2245"}],"curies":[{"name":"wp","href":"https:\/\/api.w.org\/{rel}","templated":true}]}}