{"id":2125,"date":"2025-10-15T13:41:41","date_gmt":"2025-10-15T11:41:41","guid":{"rendered":"https:\/\/www.v-tools.es\/?post_type=product&#038;p=2125"},"modified":"2025-10-16T15:43:35","modified_gmt":"2025-10-16T13:43:35","slug":"el-pes-dun-no","status":"publish","type":"product","link":"https:\/\/www.v-tools.es\/ca\/producto\/el-pes-dun-no\/","title":{"rendered":"El pes d&#8217;un NO"},"content":{"rendered":"<p class=\"\" data-start=\"198\" data-end=\"613\">Aquesta sessi\u00f3 immersiva en Realitat Virtual reflexiona sobre el moment en qu\u00e8 una persona decideix posar l\u00edmits i expressar un \u201cno\u201d davant d\u2019una conducta inapropiada. La sessi\u00f3 mostra les emocions i les dificultats que poden apar\u00e8ixer en aquest proc\u00e9s, aix\u00ed com la import\u00e0ncia del suport i de la credibilitat de l\u2019entorn laboral.<\/p>\n<p class=\"\" data-start=\"198\" data-end=\"613\">L\u2019experi\u00e8ncia convida a comprendre com dir \u201cno\u201d \u00e9s un acte de valentia i de dignitat, i posa en relleu la responsabilitat col\u00b7lectiva de creure, escoltar i actuar per construir espais professionals lliures d\u2019assetjament.<\/p>\n<p class=\"\" data-start=\"198\" data-end=\"613\">Objectius de la sessi\u00f3 immersiva:<\/p>\n<ul>\n<li data-start=\"198\" data-end=\"613\">Visibilitzar el valor de posar l\u00edmits i verbalitzar el \u201cno\u201d.<\/li>\n<li data-start=\"198\" data-end=\"613\">Refor\u00e7ar la cultura de la credibilitat i el suport institucional.<\/li>\n<li data-start=\"198\" data-end=\"613\">Fomentar la corresponsabilitat davant situacions d\u2019assetjament.<\/li>\n<li data-start=\"198\" data-end=\"613\">Promoure entorns laborals on el respecte i l\u2019empatia siguin eixos centrals.<\/li>\n<\/ul>\n<p class=\"\" data-start=\"198\" data-end=\"613\">Recomanada per a: empreses, administracions i entitats compromeses amb la igualtat, la prevenci\u00f3 i la cultura de la confian\u00e7a i la seguretat.<\/p>\n","protected":false},"excerpt":{"rendered":"<p>Aquesta sessi\u00f3 immersiva en Realitat Virtual reflexiona sobre el moment en qu\u00e8 una persona decideix posar l\u00edmits i expressar un \u201cno\u201d davant d\u2019una conducta inapropiada. La sessi\u00f3 mostra les emocions i les dificultats que poden apar\u00e8ixer en aquest proc\u00e9s, aix\u00ed com la import\u00e0ncia del suport i de la credibilitat de l\u2019entorn laboral. L\u2019experi\u00e8ncia convida a [&hellip;]<\/p>\n","protected":false},"featured_media":2107,"comment_status":"open","ping_status":"closed","template":"","meta":{"_acf_changed":false},"product_brand":[],"product_cat":[30],"product_tag":[],"class_list":{"0":"post-2125","1":"product","2":"type-product","3":"status-publish","4":"has-post-thumbnail","6":"product_cat-assetjo-sexual-laboral","8":"first","9":"instock","10":"downloadable","11":"virtual","12":"sold-individually","13":"taxable","14":"purchasable","15":"product-type-simple"},"acf":[],"_links":{"self":[{"href":"https:\/\/www.v-tools.es\/ca\/wp-json\/wp\/v2\/product\/2125","targetHints":{"allow":["GET"]}}],"collection":[{"href":"https:\/\/www.v-tools.es\/ca\/wp-json\/wp\/v2\/product"}],"about":[{"href":"https:\/\/www.v-tools.es\/ca\/wp-json\/wp\/v2\/types\/product"}],"replies":[{"embeddable":true,"href":"https:\/\/www.v-tools.es\/ca\/wp-json\/wp\/v2\/comments?post=2125"}],"wp:featuredmedia":[{"embeddable":true,"href":"https:\/\/www.v-tools.es\/ca\/wp-json\/wp\/v2\/media\/2107"}],"wp:attachment":[{"href":"https:\/\/www.v-tools.es\/ca\/wp-json\/wp\/v2\/media?parent=2125"}],"wp:term":[{"taxonomy":"product_brand","embeddable":true,"href":"https:\/\/www.v-tools.es\/ca\/wp-json\/wp\/v2\/product_brand?post=2125"},{"taxonomy":"product_cat","embeddable":true,"href":"https:\/\/www.v-tools.es\/ca\/wp-json\/wp\/v2\/product_cat?post=2125"},{"taxonomy":"product_tag","embeddable":true,"href":"https:\/\/www.v-tools.es\/ca\/wp-json\/wp\/v2\/product_tag?post=2125"}],"curies":[{"name":"wp","href":"https:\/\/api.w.org\/{rel}","templated":true}]}}