{"id":2123,"date":"2025-10-15T13:28:12","date_gmt":"2025-10-15T11:28:12","guid":{"rendered":"https:\/\/www.v-tools.es\/?post_type=product&#038;p=2123"},"modified":"2025-10-16T15:25:13","modified_gmt":"2025-10-16T13:25:13","slug":"fins-aqui","status":"publish","type":"product","link":"https:\/\/www.v-tools.es\/ca\/producto\/fins-aqui\/","title":{"rendered":"Fins aqu\u00ed"},"content":{"rendered":"<p class=\"\" data-start=\"198\" data-end=\"613\">Aquesta sessi\u00f3 immersiva en Realitat Virtual se centra en la vulneraci\u00f3 dels l\u00edmits f\u00edsics i emocionals dins l\u2019\u00e0mbit laboral. La sessi\u00f3 permet analitzar com el contacte no desitjat, la proximitat excessiva o la manca de respecte a l\u2019espai personal poden generar situacions d\u2019assetjament sexual i afectar profundament el benestar i la seguretat emocional.<\/p>\n<p class=\"\" data-start=\"198\" data-end=\"613\">Mitjan\u00e7ant l\u2019experi\u00e8ncia immersiva, les persones participants poden comprendre les sensacions d\u2019incomoditat, por o bloqueig que provoquen aquestes situacions i reflexionar sobre la import\u00e0ncia del consentiment i del respecte als l\u00edmits propis i aliens.<\/p>\n<p class=\"\" data-start=\"198\" data-end=\"613\">Objectius de la sessi\u00f3 immersiva:<\/p>\n<ul>\n<li data-start=\"198\" data-end=\"613\">Recon\u00e8ixer la invasi\u00f3 del l\u00edmit f\u00edsic o emocional com a forma d\u2019assetjament.<\/li>\n<li data-start=\"198\" data-end=\"613\">Fomentar la consci\u00e8ncia del consentiment i del respecte corporal.<\/li>\n<li data-start=\"198\" data-end=\"613\">Desenvolupar empatia davant les situacions de vulnerabilitat o por.<\/li>\n<li data-start=\"198\" data-end=\"613\">Promoure actituds de suport i d\u2019intervenci\u00f3 responsable.<\/li>\n<\/ul>\n<p class=\"\" data-start=\"198\" data-end=\"613\">Recomanada per a: empreses, institucions i equips que vulguin treballar la prevenci\u00f3 de l\u2019assetjament i la creaci\u00f3 d\u2019espais laborals segurs i respectuosos.<\/p>\n","protected":false},"excerpt":{"rendered":"<p>Aquesta sessi\u00f3 immersiva en Realitat Virtual se centra en la vulneraci\u00f3 dels l\u00edmits f\u00edsics i emocionals dins l\u2019\u00e0mbit laboral. La sessi\u00f3 permet analitzar com el contacte no desitjat, la proximitat excessiva o la manca de respecte a l\u2019espai personal poden generar situacions d\u2019assetjament sexual i afectar profundament el benestar i la seguretat emocional. Mitjan\u00e7ant l\u2019experi\u00e8ncia [&hellip;]<\/p>\n","protected":false},"featured_media":2109,"comment_status":"open","ping_status":"closed","template":"","meta":{"_acf_changed":false},"product_brand":[],"product_cat":[30],"product_tag":[],"class_list":{"0":"post-2123","1":"product","2":"type-product","3":"status-publish","4":"has-post-thumbnail","6":"product_cat-assetjo-sexual-laboral","8":"first","9":"instock","10":"downloadable","11":"virtual","12":"sold-individually","13":"taxable","14":"purchasable","15":"product-type-simple"},"acf":[],"_links":{"self":[{"href":"https:\/\/www.v-tools.es\/ca\/wp-json\/wp\/v2\/product\/2123","targetHints":{"allow":["GET"]}}],"collection":[{"href":"https:\/\/www.v-tools.es\/ca\/wp-json\/wp\/v2\/product"}],"about":[{"href":"https:\/\/www.v-tools.es\/ca\/wp-json\/wp\/v2\/types\/product"}],"replies":[{"embeddable":true,"href":"https:\/\/www.v-tools.es\/ca\/wp-json\/wp\/v2\/comments?post=2123"}],"wp:featuredmedia":[{"embeddable":true,"href":"https:\/\/www.v-tools.es\/ca\/wp-json\/wp\/v2\/media\/2109"}],"wp:attachment":[{"href":"https:\/\/www.v-tools.es\/ca\/wp-json\/wp\/v2\/media?parent=2123"}],"wp:term":[{"taxonomy":"product_brand","embeddable":true,"href":"https:\/\/www.v-tools.es\/ca\/wp-json\/wp\/v2\/product_brand?post=2123"},{"taxonomy":"product_cat","embeddable":true,"href":"https:\/\/www.v-tools.es\/ca\/wp-json\/wp\/v2\/product_cat?post=2123"},{"taxonomy":"product_tag","embeddable":true,"href":"https:\/\/www.v-tools.es\/ca\/wp-json\/wp\/v2\/product_tag?post=2123"}],"curies":[{"name":"wp","href":"https:\/\/api.w.org\/{rel}","templated":true}]}}