{"id":2103,"date":"2025-10-15T12:31:10","date_gmt":"2025-10-15T10:31:10","guid":{"rendered":"https:\/\/www.v-tools.es\/?post_type=product&#038;p=2103"},"modified":"2025-10-16T15:26:16","modified_gmt":"2025-10-16T13:26:16","slug":"lhumor-no-es-una-excusa","status":"publish","type":"product","link":"https:\/\/www.v-tools.es\/ca\/producto\/lhumor-no-es-una-excusa\/","title":{"rendered":"L&#8217;humor no \u00e9s una excusa"},"content":{"rendered":"<p class=\"\" data-start=\"198\" data-end=\"613\">Aquesta sessi\u00f3 immersiva en Realitat Virtual aborda les situacions d\u2019assetjament sexual que s\u2019inicien a trav\u00e9s del llenguatge i de les bromes sexualitzades, sovint justificades com a \u201chumor\u201d. La sessi\u00f3 convida a reflexionar sobre com aquests comentaris aparentment inofensius poden generar incomoditat, vulnerar l\u00edmits personals i afavorir din\u00e0miques de desigualtat.<\/p>\n<p class=\"\" data-start=\"198\" data-end=\"613\">Mitjan\u00e7ant la immersi\u00f3, les persones participants poden experimentar de manera emp\u00e0tica l\u2019impacte d\u2019aquest tipus de situacions i identificar-ne les conseq\u00fc\u00e8ncies emocionals i laborals. L\u2019objectiu \u00e9s recon\u00e8ixer el valor del llenguatge com a eina de respecte i construir espais professionals segurs i lliures de discriminaci\u00f3.<\/p>\n<p class=\"\" data-start=\"198\" data-end=\"613\">Objectius de la sessi\u00f3 immersiva:<\/p>\n<ul>\n<li data-start=\"198\" data-end=\"613\">Identificar actituds i comentaris sexualitzats com a formes d\u2019assetjament.<\/li>\n<li data-start=\"198\" data-end=\"613\">Comprendre l\u2019impacte emocional del llenguatge en les relacions laborals.<\/li>\n<li data-start=\"198\" data-end=\"613\">Desenvolupar empatia i capacitat d\u2019autorevisi\u00f3 de les pr\u00f2pies actituds.<\/li>\n<li data-start=\"198\" data-end=\"613\">Promoure una cultura de comunicaci\u00f3 respectuosa i d\u2019igualtat.<\/li>\n<\/ul>\n<p class=\"\" data-start=\"198\" data-end=\"613\">Recomanada per a: empreses, administracions i entitats que vulguin fomentar espais laborals segurs, inclusius i lliures de viol\u00e8ncies.<\/p>\n","protected":false},"excerpt":{"rendered":"<p>Aquesta sessi\u00f3 immersiva en Realitat Virtual aborda les situacions d\u2019assetjament sexual que s\u2019inicien a trav\u00e9s del llenguatge i de les bromes sexualitzades, sovint justificades com a \u201chumor\u201d. La sessi\u00f3 convida a reflexionar sobre com aquests comentaris aparentment inofensius poden generar incomoditat, vulnerar l\u00edmits personals i afavorir din\u00e0miques de desigualtat. Mitjan\u00e7ant la immersi\u00f3, les persones participants [&hellip;]<\/p>\n","protected":false},"featured_media":2105,"comment_status":"open","ping_status":"closed","template":"","meta":{"_acf_changed":false},"product_brand":[],"product_cat":[30],"product_tag":[],"class_list":{"0":"post-2103","1":"product","2":"type-product","3":"status-publish","4":"has-post-thumbnail","6":"product_cat-assetjo-sexual-laboral","8":"first","9":"instock","10":"downloadable","11":"virtual","12":"sold-individually","13":"taxable","14":"purchasable","15":"product-type-simple"},"acf":[],"_links":{"self":[{"href":"https:\/\/www.v-tools.es\/ca\/wp-json\/wp\/v2\/product\/2103","targetHints":{"allow":["GET"]}}],"collection":[{"href":"https:\/\/www.v-tools.es\/ca\/wp-json\/wp\/v2\/product"}],"about":[{"href":"https:\/\/www.v-tools.es\/ca\/wp-json\/wp\/v2\/types\/product"}],"replies":[{"embeddable":true,"href":"https:\/\/www.v-tools.es\/ca\/wp-json\/wp\/v2\/comments?post=2103"}],"wp:featuredmedia":[{"embeddable":true,"href":"https:\/\/www.v-tools.es\/ca\/wp-json\/wp\/v2\/media\/2105"}],"wp:attachment":[{"href":"https:\/\/www.v-tools.es\/ca\/wp-json\/wp\/v2\/media?parent=2103"}],"wp:term":[{"taxonomy":"product_brand","embeddable":true,"href":"https:\/\/www.v-tools.es\/ca\/wp-json\/wp\/v2\/product_brand?post=2103"},{"taxonomy":"product_cat","embeddable":true,"href":"https:\/\/www.v-tools.es\/ca\/wp-json\/wp\/v2\/product_cat?post=2103"},{"taxonomy":"product_tag","embeddable":true,"href":"https:\/\/www.v-tools.es\/ca\/wp-json\/wp\/v2\/product_tag?post=2103"}],"curies":[{"name":"wp","href":"https:\/\/api.w.org\/{rel}","templated":true}]}}