{"id":846,"date":"2023-12-05T11:59:36","date_gmt":"2023-12-05T10:59:36","guid":{"rendered":"https:\/\/www.v-tools.es\/avisos-legales\/"},"modified":"2023-12-12T12:52:26","modified_gmt":"2023-12-12T11:52:26","slug":"avisos-legals","status":"publish","type":"page","link":"https:\/\/www.v-tools.es\/ca\/avisos-legals\/","title":{"rendered":"Avisos legals"},"content":{"rendered":"\n<p><strong>AV\u00cdS LEGAL I CONDICIONS GENERALS D&#8217;\u00daS<\/strong><\/p>\n\n\n\n<p><a href=\"http:\/\/www.laqperativa.cat\/\">www.laqperativa.cat<\/a><\/p>\n\n\n\n<ol class=\"wp-block-list\" style=\"list-style-type:upper-roman\">\n<li><strong>INFORMACI\u00d3 GENERAL<\/strong><\/li>\n<\/ol>\n\n\n\n<p>En compliment amb el deure d&#8217;informaci\u00f3 disposat en la Llei 34\/2002 de Serveis de la Societat de la Informaci\u00f3 i el Comer\u00e7 Electr\u00f2nic d&#8217;11 de juliol, es faciliten a continuaci\u00f3 les seg\u00fcents dades d&#8217;informaci\u00f3 general d&#8217;aquest lloc web:<\/p>\n\n\n\n<p>La titularitat d&#8217;aquest lloc web, <a href=\"http:\/\/www.laqperativa.cat\/\">www.laqperativa.cat,<\/a> (d&#8217;ara endavant, Lloc web) l&#8217;ostenta: FCP ASSOCIATS, SCCL, prove\u00efda de CIF: F55346449 i inscrita en: Registre de Cooperatives de Girona al full 15266, la persona representant del qual \u00e9s: Eva Ferr\u00e9 Ibarz, i les dades de contacte de la qual s\u00f3n:<\/p>\n\n\n\n<p>Adre\u00e7a: Pla\u00e7a Gran 23, local la Qp, 17500 Ripoll Tel\u00e8fon de contacte: 872040715<\/p>\n\n\n\n<p>Email de contacte: <a href=\"mailto:atencio@laqperativa.cat\">atencio@laqperativa.cat<\/a><\/p>\n\n\n\n<ol class=\"wp-block-list\" start=\"2\" style=\"list-style-type:upper-roman\">\n<li><strong>TERMES I CONDICIONS GENERALS D&#8217;\u00daS<\/strong><\/li>\n<\/ol>\n\n\n\n<p><strong>L&#8217;objecte<\/strong><strong>de<\/strong><strong>les<\/strong><strong>condicions:<\/strong><strong>El<\/strong><strong>Lloc<\/strong><strong> web<\/strong><\/p>\n\n\n\n<p>L&#8217;objecte de les presents Condicions Generals d&#8217;\u00das (d&#8217;ara endavant, Condicions) \u00e9s regular l&#8217;acc\u00e9s i la utilitzaci\u00f3 del Lloc web. A l&#8217;efecte de les presents Condicions s&#8217;entendr\u00e0 com a Lloc web: l&#8217;aparen\u00e7a externa de les interf\u00edcies de pantalla, tant de manera est\u00e0tica com de manera din\u00e0mica, \u00e9s a dir, l&#8217;arbre de navegaci\u00f3; i tots els elements integrats tant en les interf\u00edcies de pantalla com en l&#8217;arbre de navegaci\u00f3 (d&#8217;ara endavant, Continguts) i tots aquells serveis o recursos en l\u00ednia que si \u00e9s el cas ofereixi als Usuaris (d&#8217;ara endavant, Serveis).<\/p>\n\n\n\n<p>La Qperativa es reserva la facultat de modificar, en qualsevol moment, i sense av\u00eds previ, la presentaci\u00f3 i configuraci\u00f3 del Lloc web i dels Continguts i Serveis que en ell poguessin estar incorporats. L&#8217;Usuari reconeix i accepta que en qualsevol moment La Qperativa pugui interrompre, desactivar i\/o cancel\u00b7lar qualsevol d&#8217;aquests elements que s&#8217;integren en el Lloc web o l&#8217;acc\u00e9s a aquests.<\/p>\n\n\n\n<p>L&#8217;acc\u00e9s al Lloc web per l&#8217;Usuari t\u00e9 car\u00e0cter lliure i, per regla general, \u00e9s gratu\u00eft sense que l&#8217;Usuari hagi de proporcionar una contraprestaci\u00f3 per a poder gaudir d&#8217;aix\u00f2,<\/p>\n\n\n\n<p>excepte en el relatiu al cost de connexi\u00f3 a trav\u00e9s de la xarxa de telecomunicacions subministrada pel prove\u00efdor d&#8217;acc\u00e9s que hagu\u00e9s contractat l&#8217;Usuari.<\/p>\n\n\n\n<p>La utilitzaci\u00f3 d&#8217;algun dels Continguts o Serveis del Lloc web podr\u00e0 fer-se mitjan\u00e7ant la subscripci\u00f3 o registre previ de l&#8217;Usuari.<\/p>\n\n\n\n<p><strong>L&#8217;Usuari<\/strong><\/p>\n\n\n\n<p>L&#8217;acc\u00e9s, la navegaci\u00f3 i \u00fas del Lloc web, aix\u00ed com pels espais habilitats per a interactuar entre els Usuaris, i l&#8217;Usuari i La Qperativa, com els comentaris i\/o espais de blogging, confereix la condici\u00f3 d&#8217;Usuari, per la qual cosa s&#8217;accepten, des que s&#8217;inicia la navegaci\u00f3 pel Lloc web, totes les Condicions aqu\u00ed establertes, aix\u00ed com les seves ulteriors modificacions, sense perjudici de l&#8217;aplicaci\u00f3 de la corresponent normativa legal d&#8217;obligat compliment segons el cas. Donada la rellev\u00e0ncia de l&#8217;anterior, es recomana a l&#8217;Usuari llegir-les cada vegada que visiti el Lloc web.<\/p>\n\n\n\n<p>El Lloc web de La Qperativa proporciona gran diversitat d&#8217;informaci\u00f3, serveis i dades. L&#8217;Usuari assumeix la seva responsabilitat per a realitzar un \u00fas correcte del Lloc web. Aquesta responsabilitat s&#8217;estendr\u00e0 a:<\/p>\n\n\n\n<ul class=\"wp-block-list\">\n<li>Un \u00fas de la informaci\u00f3, Continguts i\/o Serveis i dades ofertes per la Qperativa sense que sigui contrari al que es disposa per les presents Condicions, la Llei, la moral o l&#8217;ordre p\u00fablic, o que de qualsevol altre mode puguin suposar lesi\u00f3 dels drets de tercers o del mateix funcionament del Lloc web.<\/li>\n\n\n\n<li>La veracitat i licitud de les informacions aportades per l&#8217;Usuari en els formularis estesos per la Qperativa per a l&#8217;acc\u00e9s a uns certs Continguts o Serveis oferts pel Lloc web. En tot cas, l&#8217;Usuari notificar\u00e0 de manera immediata a la Qperativa sobre qualsevol fet que permeti l&#8217;\u00fas indegut de la informaci\u00f3 registrada en aquests formularis, com ara, per\u00f2 no sols, el robatori, p\u00e8rdua, o l&#8217;acc\u00e9s no autoritzat a identificadors i\/o contrasenyes, amb la finalitat de procedir a la seva immediata cancel\u00b7laci\u00f3.<\/li>\n<\/ul>\n\n\n\n<p>La Qperativa es reserva el dret de retirar tots aquells comentaris i aportacions que vulnerin la llei, el respecte a la dignitat de la persona, que siguin discriminatoris, xen\u00f2fobs, racistes, masclistes, hom\u00f2fobs, pornogr\u00e0fics, spamming, que atemptin contra la joventut o la inf\u00e0ncia, l&#8217;ordre o la seguretat p\u00fablica o que, al seu judici, no resultin adequats per a la seva publicaci\u00f3.<\/p>\n\n\n\n<p>En qualsevol cas, La Qperativa no ser\u00e0 responsable de les opinions abocades pels usuaris a trav\u00e9s de comentaris o altres eines de blogging o de participaci\u00f3 que pugui haver-hi.<\/p>\n\n\n\n<p>El mer acc\u00e9s a aquest Lloc web no suposa entaular cap mena de relaci\u00f3 de car\u00e0cter comercial entre La Qperativa i l&#8217;Usuari.<\/p>\n\n\n\n<p>Sempre en el respecte de la legislaci\u00f3 vigent, aquest Lloc web de La Qperativa es dirigeix a totes les persones, sense importar la seva edat, que puguin accedir i\/o navegar per les p\u00e0gines del Lloc web.<\/p>\n\n\n\n<p>El Lloc web est\u00e0 dirigit principalment a Usuaris residents a Espanya. La Qperativa no assegura que el Lloc web compleixi amb legislacions d&#8217;altres pa\u00efsos, ja sigui totalment o parcialment. Si l&#8217;Usuari resideix o t\u00e9 el seu domiciliat en un altre lloc i decideix accedir i\/o navegar en el Lloc web el far\u00e0 sota la seva pr\u00f2pia responsabilitat, haur\u00e0 d&#8217;assegurar-se que tal acc\u00e9s i navegaci\u00f3 compleix amb la legislaci\u00f3 local que li \u00e9s aplicable, la Qperativa no assumeix cap responsabilitat que es pugui derivar d&#8217;aquest acc\u00e9s.<\/p>\n\n\n\n<ol class=\"wp-block-list\" start=\"3\" style=\"list-style-type:upper-roman\">\n<li><strong>ACC\u00c9S I NAVEGACI\u00d3 EN EL LLOC WEB: EXCLUSI\u00d3 DE GARANTIES I RESPONSABILITAT<\/strong><\/li>\n<\/ol>\n\n\n\n<p>La Qperativa no garanteix la continu\u00eftat, disponibilitat i utilitat del Lloc web, ni dels Continguts o Serveis. La Qperativa far\u00e0 tot el possible pel bon funcionament del Lloc web, no obstant aix\u00f2, no es responsabilitza ni garanteix que l&#8217;acc\u00e9s a aquest Lloc web no vagi a ser ininterromput o que estigui lliure d&#8217;error.<\/p>\n\n\n\n<p>Tampoc es responsabilitza o garanteix que el contingut o programari al qual pugui accedir-se a trav\u00e9s d&#8217;aquest Lloc web, estigui lliure d&#8217;error o causi un dany al sistema inform\u00e0tic (programari i maquinari) de l&#8217;Usuari. En cap cas La Qperativa ser\u00e0 responsable per les p\u00e8rdues, danys o perjudicis de qualsevol tipus que sorgeixin per l&#8217;acc\u00e9s, navegaci\u00f3 i l&#8217;\u00fas del Lloc web, incloent-se, per\u00f2 no limitant-se, als ocasionats als sistemes inform\u00e0tics o els provocats per la introducci\u00f3 de virus.<\/p>\n\n\n\n<p>La Qperativa tampoc es fa responsable dels danys que poguessin ocasionar-se als usuaris per un \u00fas inadequat d&#8217;aquest Lloc web. En particular, no es fa responsable de cap manera de les caigudes, interrupcions, falta o defecte de les telecomunicacions que poguessin oc\u00f3rrer.<\/p>\n\n\n\n<ol class=\"wp-block-list\" start=\"4\" style=\"list-style-type:upper-roman\">\n<li><strong>POL\u00cdTICA D&#8217;ENLLA\u00c7OS<\/strong><\/li>\n<\/ol>\n\n\n\n<p>S&#8217;informa que el Lloc web de La Qperativa posa o pot posar a la disposici\u00f3 dels Usuaris mitjans d&#8217;enlla\u00e7 (com, entre altres, links, baners, botons), directoris i motors de cerca que permeten als Usuaris accedir a llocs web pertanyents i\/o gestionats per tercers.<\/p>\n\n\n\n<p>La instal\u00b7laci\u00f3 d&#8217;aquests enlla\u00e7os, directoris i motors de cerca en el Lloc web t\u00e9 per objecte facilitar als Usuaris la cerca i acc\u00e9s a la informaci\u00f3 disponible en Internet, sense que pugui considerar-se un suggeriment, recomanaci\u00f3 o invitaci\u00f3 per a la visita d&#8217;aquests.<\/p>\n\n\n\n<p>La Qperativa no ofereix ni comercialitza per si ni per mitj\u00e0 de tercers els productes i\/o serveis disponibles en aquests llocs enlla\u00e7ats.<\/p>\n\n\n\n<p>Aix\u00ed mateix, tampoc garantir\u00e0 la disponibilitat t\u00e8cnica, exactitud, veracitat, validesa o legalitat de llocs aliens a la seva propietat als quals es pugui accedir per mitj\u00e0 dels enlla\u00e7os.<\/p>\n\n\n\n<p>La Qperativa en cap cas revisar\u00e0 o controlar\u00e0 el contingut d&#8217;altres llocs web, aix\u00ed com tampoc aprova, examina ni fa propis els productes i serveis, continguts, arxius i qualsevol altre material existent en els referits llocs enlla\u00e7ats.<\/p>\n\n\n\n<p>La Qperativa no assumeix cap responsabilitat pels danys i perjudicis que poguessin produir-se per l&#8217;acc\u00e9s, \u00fas, qualitat o licitud dels continguts, comunicacions, opinions, productes i serveis dels llocs web no gestionats per la Qperativa i que siguin enlla\u00e7ats en aquest Lloc web.<\/p>\n\n\n\n<p>L&#8217;Usuari o tercer que realitzi un enlla\u00e7 des d&#8217;una p\u00e0gina web d&#8217;un altre, diferent, lloc web al Lloc web de La Qperativa haur\u00e0 de saber que:<\/p>\n\n\n\n<p>No es permet la reproducci\u00f3 \u2014totalment o parcialment\u2014 de cap dels Continguts i\/o Serveis del Lloc web sense autoritzaci\u00f3 expressa de La Qperativa.<\/p>\n\n\n\n<p>No es permet tampoc cap manifestaci\u00f3 falsa, inexacta o incorrecta sobre el Lloc web de La Qperativa, ni sobre els Continguts i\/o Serveis d&#8217;aquest.<\/p>\n\n\n\n<p>A excepci\u00f3 de l&#8217;enlla\u00e7, el lloc web en el qual s&#8217;estableixi aquest enlla\u00e7 no contindr\u00e0 cap element, d&#8217;aquest Lloc web, protegit com a propietat intel\u00b7lectual per l&#8217;ordenament jur\u00eddic espanyol, excepte autoritzaci\u00f3 expressa de La Qperativa.<\/p>\n\n\n\n<p>L&#8217;establiment de l&#8217;enlla\u00e7 no implicar\u00e0 l&#8217;exist\u00e8ncia de relacions entre La Qperativa i el titular del lloc web des del qual es realitzi, ni el coneixement i acceptaci\u00f3 de La Qperativa dels continguts, serveis i\/o activitats ofertes en aquest lloc web, i viceversa.<\/p>\n\n\n\n<ol class=\"wp-block-list\" start=\"5\" style=\"list-style-type:upper-roman\">\n<li><strong>PROPIETAT INTEL\u00b7LECTUAL I INDUSTRIAL<\/strong><\/li>\n<\/ol>\n\n\n\n<p>La Qperativa per si o com a part cession\u00e0ria, \u00e9s titular de tots els drets de propietat intel\u00b7lectual i industrial del Lloc web, aix\u00ed com dels elements continguts en el mateix (a t\u00edtol enunciatiu i no exhaustiu, imatges, so, \u00e0udio, v\u00eddeo, programari o textos, marques o logotips, combinacions de colors, estructura i disseny, selecci\u00f3 de materials usats, programes d&#8217;ordinador necessaris per al seu funcionament, acc\u00e9s i \u00fas, etc.). Seran, per conseg\u00fcent, obres protegides com a propietat intel\u00b7lectual per l&#8217;ordenament jur\u00eddic espanyol, i els \u00e9s aplicable tant la normativa espanyola i comunit\u00e0ria en aquest camp, com els tractats internacionals relatius a la mat\u00e8ria i subscrits per Espanya.<\/p>\n\n\n\n<p>Tots els drets reservats. En virtut del que es disposa en la Llei de Propietat Intel\u00b7lectual, queden expressament prohibides la reproducci\u00f3, la distribuci\u00f3 i la comunicaci\u00f3 p\u00fablica, inclosa la seva modalitat de posada a disposici\u00f3, de la totalitat o part dels continguts d&#8217;aquesta p\u00e0gina web, amb finalitats comercials, en qualsevol suport i per qualsevol mitj\u00e0 t\u00e8cnic, sense l&#8217;autoritzaci\u00f3 de La Qperativa.<\/p>\n\n\n\n<p>L&#8217;Usuari es compromet a respectar els drets de propietat intel\u00b7lectual i industrial de La Qperativa. Podr\u00e0 visualitzar els elements del Lloc web o fins i tot imprimir-los, copiar-los i emmagatzemar-los en el disc dur del seu ordinador o en qualsevol altre suport f\u00edsic sempre que sigui, exclusivament, per al seu \u00fas personal. L&#8217;Usuari, no obstant aix\u00f2, no podr\u00e0 suprimir, alterar, o manipular qualsevol dispositiu de protecci\u00f3 o sistema de seguretat que estigu\u00e9s instal\u00b7lat en el Lloc web.<\/p>\n\n\n\n<p>En cas que l&#8217;Usuari o tercer consideri que qualsevol dels Continguts del Lloc web suposi una violaci\u00f3 dels drets de protecci\u00f3 de la propietat intel\u00b7lectual, ho ha de comunicar immediatament a la Qperativa a trav\u00e9s de les dades de contacte de l&#8217;apartat d&#8217;INFORMACI\u00d3 GENERAL d&#8217;aquest Av\u00eds Legal i Condicions Generals d&#8217;\u00das.<\/p>\n\n\n\n<ol class=\"wp-block-list\" start=\"6\" style=\"list-style-type:upper-roman\">\n<li><strong>ACCIONS LEGALS, LEGISLACI\u00d3 APLICABLE I JURISDICCI\u00d3<\/strong><\/li>\n<\/ol>\n\n\n\n<p>La Qperativa es reserva la facultat de presentar les accions civils o penals que consideri necess\u00e0ries per la utilitzaci\u00f3 indeguda del Lloc web i Continguts, o per l&#8217;incompliment de les presents Condicions.<\/p>\n\n\n\n<p>La relaci\u00f3 entre l&#8217;Usuari i La Qperativa es regir\u00e0 per la normativa vigent i d&#8217;aplicaci\u00f3 en el territori espanyol. De sorgir qualsevol controv\u00e8rsia en relaci\u00f3 amb la interpretaci\u00f3 i\/o a l&#8217;aplicaci\u00f3 d&#8217;aquestes Condicions les parts sotmetran els seus conflictes a la jurisdicci\u00f3 ordin\u00e0ria sotmetent-se als jutges i tribunals que corresponguin conforme a dret.<\/p>\n","protected":false},"excerpt":{"rendered":"<p>AV\u00cdS LEGAL I CONDICIONS GENERALS D&#8217;\u00daS www.laqperativa.cat En compliment amb el deure d&#8217;informaci\u00f3 disposat en la Llei 34\/2002 de Serveis de la Societat de la Informaci\u00f3 i el Comer\u00e7 Electr\u00f2nic d&#8217;11 de juliol, es faciliten a continuaci\u00f3 les seg\u00fcents dades d&#8217;informaci\u00f3 general d&#8217;aquest lloc web: La titularitat d&#8217;aquest lloc web, www.laqperativa.cat, (d&#8217;ara endavant, Lloc web) [&hellip;]<\/p>\n","protected":false},"author":1,"featured_media":0,"parent":0,"menu_order":0,"comment_status":"closed","ping_status":"closed","template":"","meta":{"_acf_changed":false,"footnotes":""},"class_list":["post-846","page","type-page","status-publish","hentry"],"acf":[],"_links":{"self":[{"href":"https:\/\/www.v-tools.es\/ca\/wp-json\/wp\/v2\/pages\/846","targetHints":{"allow":["GET"]}}],"collection":[{"href":"https:\/\/www.v-tools.es\/ca\/wp-json\/wp\/v2\/pages"}],"about":[{"href":"https:\/\/www.v-tools.es\/ca\/wp-json\/wp\/v2\/types\/page"}],"author":[{"embeddable":true,"href":"https:\/\/www.v-tools.es\/ca\/wp-json\/wp\/v2\/users\/1"}],"replies":[{"embeddable":true,"href":"https:\/\/www.v-tools.es\/ca\/wp-json\/wp\/v2\/comments?post=846"}],"version-history":[{"count":2,"href":"https:\/\/www.v-tools.es\/ca\/wp-json\/wp\/v2\/pages\/846\/revisions"}],"predecessor-version":[{"id":941,"href":"https:\/\/www.v-tools.es\/ca\/wp-json\/wp\/v2\/pages\/846\/revisions\/941"}],"wp:attachment":[{"href":"https:\/\/www.v-tools.es\/ca\/wp-json\/wp\/v2\/media?parent=846"}],"curies":[{"name":"wp","href":"https:\/\/api.w.org\/{rel}","templated":true}]}}