{"id":804,"date":"2023-11-20T20:17:26","date_gmt":"2023-11-20T19:17:26","guid":{"rendered":"https:\/\/www.v-tools.es\/quienes-somos\/"},"modified":"2024-03-22T12:35:07","modified_gmt":"2024-03-22T11:35:07","slug":"qui-som","status":"publish","type":"page","link":"https:\/\/www.v-tools.es\/ca\/qui-som\/","title":{"rendered":"Qui som?"},"content":{"rendered":"\r\n\t\t<div data-aos=\"zoom-in\"  class=\"block-7dfc8ea9-2119-46d0-8d8b-ebcbf7187b2c areoi-element mb-6\">\r\n\t\t\t\r\n\t\t\t\n\r\n\t\t<div  class=\"block-623bcd11-c228-4533-84b8-5c5e35dc8b04 row areoi-element gx-5 gy-4 row-mobile\">\r\n\t\t\t\r\n\r\n\t\t\t\n\r\n\t\t<div  class=\"block-350e25d6-7349-4c91-9854-92c78cbc3451 col areoi-element\">\r\n\t\t\t\r\n\t\t\t\n\r\n\t\t<div  class=\"block-f0d2f901-14b7-4291-aeb3-945437448e14 areoi-element pe-md-5\">\r\n\t\t\t\r\n\t\t\t\n\n<h2 class=\"wp-block-heading has-text-align-center title-pink text-big nowrap\">\u00a1BENVINGUDES A <br><strong>V-TOOLS!<\/strong><\/h2>\n\n\n\n<p>A V-TOOLS fusionem dos sectors, el sector Digital i el sector de l&#8217;Educaci\u00f3 Social per a dissenyar i implementar <a href=\"https:\/\/www.v-tools.es\/ca\/solucions-pedagogiques\/\">projectes d&#8217;Innovaci\u00f3 Social Digital<\/a>. Creiem en la import\u00e0ncia de la participaci\u00f3 i la cocreaci\u00f3, per aquest motiu treballem de la m\u00e0 de la comunitat per a identificar reptes i oportunitats i utilitzem el nostre coneixement i experi\u00e8ncia en Innovaci\u00f3 Social Digital per a generar solucions que tinguin un impacte positiu.<\/p>\n\n\n\n<p>Amb un enfocament hol\u00edstic, integrem tecnologia, creativitat i educaci\u00f3 per a desenvolupar projectes innovadors que ajudin a millorar la vida de les persones i les comunitats. Estem compromeses amb l&#8217;equitat, la sostenibilitat i la inclusi\u00f3, buscant sempre la transformaci\u00f3 social a trav\u00e9s de les nostres iniciatives.<\/p>\n\n\n\n<p>Si desitges formar part d&#8217;aquest viatge de descobriment, col\u00b7laboraci\u00f3 i canvi social, et convidem a explorar la nostra p\u00e0gina web, contactar amb nosaltres i unir-te a les nostres iniciatives.<\/p>\n\n\n\n<p><strong>Juntes, podem construir un millor futur per a totes les persones! Amb un enfocament especial en persones joves i la seva inserci\u00f3 sociolaboral, reconeixem el seu poder transformador per a forjar un futur en el qual les comunitats brillin en plenitud.<\/strong><\/p>\n\n\r\n\t\t\t \r\n\t\t<\/div>\r\n\t\n \r\n\t\t\t\r\n\t\t<\/div>\r\n\t\n\n\r\n\t\t<div  class=\"block-bee1a0a5-bc86-409e-90c8-95bed70874fe col areoi-element order-mobile\">\r\n\t\t\t\r\n\t\t\t\n\n<figure class=\"wp-block-image size-full mb-0 box-pink w-100 pt-5\"><img loading=\"lazy\" decoding=\"async\" width=\"2433\" height=\"2560\" src=\"https:\/\/www.v-tools.es\/wp-content\/uploads\/2023\/11\/oficina-v-tools-scaled.jpg\" alt=\"\" class=\"wp-image-464\" srcset=\"https:\/\/www.v-tools.es\/wp-content\/uploads\/2023\/11\/oficina-v-tools-scaled.jpg 2433w, https:\/\/www.v-tools.es\/wp-content\/uploads\/2023\/11\/oficina-v-tools-scaled-600x631.jpg 600w, https:\/\/www.v-tools.es\/wp-content\/uploads\/2023\/11\/oficina-v-tools-285x300.jpg 285w, https:\/\/www.v-tools.es\/wp-content\/uploads\/2023\/11\/oficina-v-tools-973x1024.jpg 973w, https:\/\/www.v-tools.es\/wp-content\/uploads\/2023\/11\/oficina-v-tools-768x808.jpg 768w, https:\/\/www.v-tools.es\/wp-content\/uploads\/2023\/11\/oficina-v-tools-1460x1536.jpg 1460w, https:\/\/www.v-tools.es\/wp-content\/uploads\/2023\/11\/oficina-v-tools-1947x2048.jpg 1947w\" sizes=\"auto, (max-width: 2433px) 100vw, 2433px\" \/><\/figure>\n\n \r\n\t\t\t\r\n\t\t<\/div>\r\n\t\n \r\n\t\t<\/div>\r\n\t\n\r\n\t\t\t \r\n\t\t<\/div>\r\n\t\n\n\r\n\t\t<div  class=\"block-628d5a54-adbb-49d7-84af-105bc4f1de4d areoi-element mb-6\">\r\n\t\t\t\r\n\t\t\t\n\n<h2 class=\"wp-block-heading has-text-align-center title-pink text-big h2\">La nostra <strong>Metodologia<\/strong><\/h2>\n\n\n\r\n\t\t<div  class=\"block-7507c1af-d413-45b6-8f1e-5bf214ac0418 areoi-element\">\r\n\t\t\t\r\n\t\t\t\n\r\n\t\t<div  class=\"block-119060ff-1f03-4e50-93fd-bbdeb3fa2b82 row areoi-element row-mobile\">\r\n\t\t\t\r\n\r\n\t\t\t\n\r\n\t\t<div  class=\"block-e5b67b62-b431-495b-ba0e-6cc4b9e39285 col areoi-element zi-1020\">\r\n\t\t\t\r\n\t\t\t\n\n<figure class=\"wp-block-image size-full mb-0 center\"><img loading=\"lazy\" decoding=\"async\" width=\"639\" height=\"630\" src=\"https:\/\/www.v-tools.es\/wp-content\/uploads\/2023\/12\/Metodologia_CAT.png\" alt=\"\" class=\"wp-image-1024\" srcset=\"https:\/\/www.v-tools.es\/wp-content\/uploads\/2023\/12\/Metodologia_CAT.png 639w, https:\/\/www.v-tools.es\/wp-content\/uploads\/2023\/12\/Metodologia_CAT-300x296.png 300w, https:\/\/www.v-tools.es\/wp-content\/uploads\/2023\/12\/Metodologia_CAT-600x592.png 600w, https:\/\/www.v-tools.es\/wp-content\/uploads\/2023\/12\/Metodologia_CAT-100x100.png 100w\" sizes=\"auto, (max-width: 639px) 100vw, 639px\" \/><\/figure>\n\n \r\n\t\t\t\r\n\t\t<\/div>\r\n\t\n\n\r\n\t\t<div  class=\"block-fac91bf1-c3da-4163-82b0-8ab256a58f2a col areoi-element\">\r\n\t\t\t\r\n\t\t\t\n\n<figure class=\"wp-block-image size-full mb-0 bg-50-all\"><img loading=\"lazy\" decoding=\"async\" width=\"680\" height=\"680\" src=\"https:\/\/www.v-tools.es\/wp-content\/uploads\/2023\/11\/mapa.png\" alt=\"\" class=\"wp-image-170\" srcset=\"https:\/\/www.v-tools.es\/wp-content\/uploads\/2023\/11\/mapa.png 680w, https:\/\/www.v-tools.es\/wp-content\/uploads\/2023\/11\/mapa-300x300.png 300w, https:\/\/www.v-tools.es\/wp-content\/uploads\/2023\/11\/mapa-100x100.png 100w, https:\/\/www.v-tools.es\/wp-content\/uploads\/2023\/11\/mapa-600x600.png 600w, https:\/\/www.v-tools.es\/wp-content\/uploads\/2023\/11\/mapa-150x150.png 150w\" sizes=\"auto, (max-width: 680px) 100vw, 680px\" \/><\/figure>\n\n\n\r\n\t\t<div  class=\"block-672f34fe-5d87-4f26-b812-5404954b84b8 areoi-element center\">\r\n\t\t\t\r\n\t\t\t\n\r\n\t\t<div  class=\"block-64725682-3c9d-463c-a00d-c0176e0483f3 areoi-element py-4 px-3 box-gray zi-1000\">\r\n\t\t\t\r\n\t\t\t\n\n<p class=\"has-text-align-center bg-gray\">La nostra missi\u00f3 \u00e9s estar al costat de la comunitat, escoltar les seves necessitats i oferir respostes coherents, reals i solid\u00e0ries. Per a aconseguir-ho, seguim una metodologia basada en la Qu\u00e0druple H\u00e8lix, que implica la col\u00b7laboraci\u00f3 estreta amb els principals actors de la comunitat: la Ciutadania, l&#8217;Empresa, l&#8217;Administraci\u00f3 P\u00fablica i els Centres de coneixement per a generar sinergies que afavoreixin el desenvolupament econ\u00f2mic i social, promoguin la inclusi\u00f3 social i fomentin la sostenibilitat.<\/p>\n\n\r\n\t\t\t \r\n\t\t<\/div>\r\n\t\n\r\n\t\t\t \r\n\t\t<\/div>\r\n\t\n \r\n\t\t\t\r\n\t\t<\/div>\r\n\t\n \r\n\t\t<\/div>\r\n\t\n\r\n\t\t\t \r\n\t\t<\/div>\r\n\t\n\r\n\t\t\t \r\n\t\t<\/div>\r\n\t\n\n\r\n\t\t<div  class=\"block-507d20e4-59c9-4ca9-ae0b-88808c53ec5f areoi-element mb-6\">\r\n\t\t\t\r\n\t\t\t\n\r\n\t\t<div  class=\"block-5bceaa77-6f1d-44d9-ae45-795fa725ed5c row areoi-element row-mobile\">\r\n\t\t\t\r\n\r\n\t\t\t\n\r\n\t\t<div  class=\"block-c341aa12-1134-4bb4-a88b-494addc1ca40 col areoi-element col-8\">\r\n\t\t\t\r\n\t\t\t\n\n<h2 class=\"wp-block-heading title-pink text-big\">Stop <strong>Subrepresentaci\u00f3<\/strong><\/h2>\n\n\n\n<p class=\"text-pink1 fs-24\">\u00a1Atenci\u00f3 a totes les nenes, joves i dones TIC! \u00c9s moment d&#8217;empoderar-nos i brillar en el m\u00f3n digital!<\/p>\n\n\n\n<p>\u00c9s el moment de derrocar les muralles de la desigualtat \u00c9s hora d\u2019aturar la subrepresentaci\u00f3 i reclamar el nostre lloc en el m\u00f3n digital! Uneix-te a la nostra comunitat empoderada i juntes trencarem barreres, desafiarem estereotips i construirem un futur inclusiu i ple d&#8217;oportunitats.<\/p>\n\n\n\n<p>Amb determinaci\u00f3, abracem el nostre comprom\u00eds indestructible: Fomentar amb ardor la participaci\u00f3 de les dones en l&#8217;apassionant m\u00f3n de les TIC. El nostre \u00edmpetu es tradueix en una cerca incansable d&#8217;igualtat, on totes les oportunitats i el tracte siguin equitatius. Constru\u00efm espais sagrats, inclusius i reverents, on la diversitat de g\u00e8nere brilla amb centelleig propi.<\/p>\n\n \r\n\t\t\t\r\n\t\t<\/div>\r\n\t\n\n\r\n\t\t<div  class=\"block-6980229b-e099-4009-9348-004590896c3d col areoi-element col-4\">\r\n\t\t\t\r\n\t\t\t\n\n<figure class=\"wp-block-image size-full mb-0 luz box-radius\"><img decoding=\"async\" src=\"https:\/\/www.v-tools.es\/wp-content\/uploads\/2023\/12\/Subrepresentacion-e1701703980447.png\" alt=\"\" class=\"wp-image-770\"\/><\/figure>\n\n \r\n\t\t\t\r\n\t\t<\/div>\r\n\t\n \r\n\t\t<\/div>\r\n\t\n\r\n\t\t\t \r\n\t\t<\/div>\r\n\t\n\n\r\n\t\t<div  class=\"block-29a037d5-2a18-4b0a-a6ad-224f3435e799 areoi-element mb-6\">\r\n\t\t\t\r\n\t\t\t\n\n<h2 class=\"wp-block-heading has-text-align-center title-pink text-big h2\"><strong>M\u00e9s sobre<\/strong> Nosaltres<\/h2>\n\n\n\n<p class=\"has-text-align-center mb-0\">Submergeix-te en una experi\u00e8ncia \u00fanica i accessible per a totes, i descobreix el futur transformador que t&#8217;espera!<\/p>\n\n\n\n<p class=\"has-text-align-center text-pink1 mb-0 py-4\">Abra\u00e7a la revoluci\u00f3 de la Realitat Virtual. Som especialistes en la producci\u00f3 audiovisual en format VR 180 3D. Les nostres produccions deslliguen impacte en el m\u00f3n social, democratitzant la tecnologia i l&#8217;univers audiovisual. Amb el nostre car\u00e0cter comunitari, som l&#8217;expressi\u00f3 disruptiva que potenciar\u00e0 els teus projectes. Acompanyem els teus projectes amb car\u00e0cter social comunitari i una expressi\u00f3 disruptiva que deixar\u00e0 empremta. Prepara&#8217;t per a volar m\u00e9s enll\u00e0 dels l\u00edmits del convencional i marcar un impacte durador.<\/p>\n\n\n\r\n\t\t<div  class=\"block-b63c0a8f-6ef3-4328-8e42-5b2edd4932b0 areoi-element\">\r\n\t\t\t\r\n\t\t\t\n\r\n\t\t<div  class=\"block-66c328a8-ffff-429d-b038-7b1d7df4eeb2 row areoi-element gy-4 mb-4 row-mobile\">\r\n\t\t\t\r\n\r\n\t\t\t\n\r\n\t\t<div  class=\"block-e58465d8-fd47-4799-8a2a-7d09204f18ab col areoi-element col-4\">\r\n\t\t\t\r\n\t\t\t\n\n<figure class=\"wp-block-image size-full box-radius full-img mb-0\"><img loading=\"lazy\" decoding=\"async\" width=\"388\" height=\"419\" src=\"https:\/\/www.v-tools.es\/wp-content\/uploads\/2023\/11\/Diana-Perdomo.jpg\" alt=\"\" class=\"wp-image-180\" srcset=\"https:\/\/www.v-tools.es\/wp-content\/uploads\/2023\/11\/Diana-Perdomo.jpg 388w, https:\/\/www.v-tools.es\/wp-content\/uploads\/2023\/11\/Diana-Perdomo-278x300.jpg 278w\" sizes=\"auto, (max-width: 388px) 100vw, 388px\" \/><\/figure>\n\n \r\n\t\t\t\r\n\t\t<\/div>\r\n\t\n\n\r\n\t\t<div  class=\"block-6f01ced9-98a7-4c4c-8cea-eefbc74461c9 col areoi-element col-8\">\r\n\t\t\t\r\n\t\t\t\n\r\n\t\t<div  class=\"block-a4396dd2-091f-4d44-baa5-9c9bb8e23325 areoi-element box-radius bg-gray h-100 center p-4\">\r\n\t\t\t\r\n\t\t\t\n\n<h5 class=\"wp-block-heading has-text-align-center fs-20\">Diana Perdomo<\/h5>\n\n\n\n<p class=\"has-text-align-center\">Entusiasta i compromesa amb l&#8217;aplicaci\u00f3 de la tecnologia per al desenvolupament social. La meva traject\u00f2ria professional s&#8217;ha centrat en la cerca de solucions innovadores que promoguin el benestar de la comunitat i millorin la qualitat de vida de les persones.<\/p>\n\n\n\n<p class=\"has-text-align-center\">Al llarg de la meva carrera, he treballat en projectes que integren tecnologia i responsabilitat social, explorant el potencial de la digitalitzaci\u00f3 per a generar un canvi positiu identificant oportunitats en les quals la tecnologia pugui contribuir a superar desafiaments socials, fomentar la inclusi\u00f3 i promoure la igualtat oportunitats.<\/p>\n\n\n\n<p class=\"has-text-align-center\">El meu enfocament principal ha estat la Innovaci\u00f3 Social Digital, utilitzant eines tecnol\u00f2giques i plataformes digitals per a dissenyar solucions creatives i sostenibles.<\/p>\n\n\n\n<p class=\"has-text-align-center\">He col\u00b7laborat amb equips multidisciplinaris per a desenvolupar projectes que abordin problem\u00e0tiques socials, com l&#8217;acc\u00e9s a l&#8217;educaci\u00f3, apoderament de comunitats desfavorides i promoci\u00f3 de la participaci\u00f3 ciutadana.<\/p>\n\n\r\n\t\t\t \r\n\t\t<\/div>\r\n\t\n \r\n\t\t\t\r\n\t\t<\/div>\r\n\t\n \r\n\t\t<\/div>\r\n\t\n\n\r\n\t\t<div  class=\"block-18f7e223-42cd-404e-ac56-6fae51c0976d row areoi-element gy-4 row-mobile\">\r\n\t\t\t\r\n\r\n\t\t\t\n\r\n\t\t<div  class=\"block-f5354a64-d5e2-4557-9630-4ecca789cd97 col areoi-element col-8\">\r\n\t\t\t\r\n\t\t\t\n\r\n\t\t<div  class=\"block-a4396dd2-091f-4d44-baa5-9c9bb8e23325 areoi-element box-radius bg-gray h-100 center p-4\">\r\n\t\t\t\r\n\t\t\t\n\n<h5 class=\"wp-block-heading has-text-align-center fs-20\">Albert Gonz\u00e1lez<\/h5>\n\n\n\n<p>Apassionat educador social especialitzat en Innovaci\u00f3 Social Digital. La meva convicci\u00f3 \u00e9s ferma: l&#8217;educaci\u00f3 t\u00e9 el poder de transformar la societat.<\/p>\n\n\n\n<p>\u00c9s per aix\u00f2 que el meu enfocament se centra en empoderar a les persones a trav\u00e9s del coneixement, proporcionant-los les eines necess\u00e0ries per a tenir un impacte positiu en el seu entorn.<\/p>\n\n\n\n<p>Com a persona innovadora, sempre estic en cerca de noves maneres d&#8217;abordar els reptes educatius i desenvolupar estrat\u00e8gies efectives per a l&#8217;aprenentatge. Valoro enormement el treball en equips multidisciplinaris, ja que crec en la sinergia d&#8217;idees i la col\u00b7laboraci\u00f3 amb altres professionals per a crear solucions innovadores i adaptades a les necessitats actuals.<\/p>\n\n\n\n<p>Assumeixo el rol d&#8217;agent de canvi, treballant incansablement per a promoure la igualtat d&#8217;oportunitats i superar les barreres que limiten l&#8217;acc\u00e9s a l&#8217;educaci\u00f3. El meu objectiu \u00e9s crear un ambient inclusiu i segur, on tota la comunitat se senti valorada i pugui desenvolupar el seu m\u00e0xim potencial.<\/p>\n\n\r\n\t\t\t \r\n\t\t<\/div>\r\n\t\n \r\n\t\t\t\r\n\t\t<\/div>\r\n\t\n\n\r\n\t\t<div  class=\"block-7fef3d89-06ef-40b8-ab64-25a1f3309a0b col areoi-element order-mobile col-4\">\r\n\t\t\t\r\n\t\t\t\n\n<figure class=\"wp-block-image size-full box-radius full-img mb-0\"><img loading=\"lazy\" decoding=\"async\" width=\"388\" height=\"419\" src=\"https:\/\/www.v-tools.es\/wp-content\/uploads\/2023\/11\/Albert-Gonzales.jpg\" alt=\"\" class=\"wp-image-190\" srcset=\"https:\/\/www.v-tools.es\/wp-content\/uploads\/2023\/11\/Albert-Gonzales.jpg 388w, https:\/\/www.v-tools.es\/wp-content\/uploads\/2023\/11\/Albert-Gonzales-278x300.jpg 278w\" sizes=\"auto, (max-width: 388px) 100vw, 388px\" \/><\/figure>\n\n \r\n\t\t\t\r\n\t\t<\/div>\r\n\t\n \r\n\t\t<\/div>\r\n\t\n\r\n\t\t\t \r\n\t\t<\/div>\r\n\t\n\r\n\t\t\t \r\n\t\t<\/div>\r\n\t\n\n\r\n\t\t<div  class=\"block-fc939bd0-b23c-4b20-a319-f1dd89d06253 areoi-element mb-5\">\r\n\t\t\t\r\n\t\t\t\n\r\n\t\t<div  class=\"block-a9374111-5aab-4fc6-af25-3513bd703506 areoi-element\">\r\n\t\t\t\r\n\t\t\t\n\n<h4 class=\"wp-block-heading has-text-align-center fs-40 title-pink\">\u00a1El nostre compromis amb els <strong>ODS!<\/strong><\/h4>\n\n\n\r\n\t\t<div  class=\"block-4f7aae80-3ad0-40de-901d-4fe1b2e8ec9b areoi-element text-center\">\r\n\t\t\t\r\n\t\t\t\n\n<figure class=\"wp-block-image size-large is-resized ods-image\"><img loading=\"lazy\" decoding=\"async\" width=\"1024\" height=\"194\" src=\"https:\/\/www.v-tools.es\/wp-content\/uploads\/2023\/12\/ODS_Objectius_Desenvolupament_Sostenible_Respon.cat_SDG_Icons_CAT_Poster_A4-2-scaled-1600x240-1-1024x194.jpg\" alt=\"\" class=\"wp-image-1106\" style=\"width:350px\" srcset=\"https:\/\/www.v-tools.es\/wp-content\/uploads\/2023\/12\/ODS_Objectius_Desenvolupament_Sostenible_Respon.cat_SDG_Icons_CAT_Poster_A4-2-scaled-1600x240-1-1024x194.jpg 1024w, https:\/\/www.v-tools.es\/wp-content\/uploads\/2023\/12\/ODS_Objectius_Desenvolupament_Sostenible_Respon.cat_SDG_Icons_CAT_Poster_A4-2-scaled-1600x240-1-300x57.jpg 300w, https:\/\/www.v-tools.es\/wp-content\/uploads\/2023\/12\/ODS_Objectius_Desenvolupament_Sostenible_Respon.cat_SDG_Icons_CAT_Poster_A4-2-scaled-1600x240-1-768x145.jpg 768w, https:\/\/www.v-tools.es\/wp-content\/uploads\/2023\/12\/ODS_Objectius_Desenvolupament_Sostenible_Respon.cat_SDG_Icons_CAT_Poster_A4-2-scaled-1600x240-1-600x113.jpg 600w, https:\/\/www.v-tools.es\/wp-content\/uploads\/2023\/12\/ODS_Objectius_Desenvolupament_Sostenible_Respon.cat_SDG_Icons_CAT_Poster_A4-2-scaled-1600x240-1.jpg 1270w\" sizes=\"auto, (max-width: 1024px) 100vw, 1024px\" \/><\/figure>\n\n\r\n\t\t\t \r\n\t\t<\/div>\r\n\t\n\n\r\n\t\t<div  class=\"block-486900af-4474-46c9-a3d8-4f3ac4fa8061 areoi-element\">\r\n\t\t\t\r\n\t\t\t\n\n<figure class=\"wp-block-gallery aligncenter has-nested-images columns-4 gallery-center wp-block-gallery-1 is-layout-flex wp-block-gallery-is-layout-flex\">\n<figure class=\"wp-block-image size-large\"><img loading=\"lazy\" decoding=\"async\" width=\"120\" height=\"121\" data-id=\"146\" src=\"https:\/\/www.v-tools.es\/wp-content\/uploads\/2023\/11\/educaion-calidad.png\" alt=\"\" class=\"wp-image-146\" srcset=\"https:\/\/www.v-tools.es\/wp-content\/uploads\/2023\/11\/educaion-calidad.png 120w, https:\/\/www.v-tools.es\/wp-content\/uploads\/2023\/11\/educaion-calidad-100x100.png 100w\" sizes=\"auto, (max-width: 120px) 100vw, 120px\" \/><\/figure>\n\n\n\n<figure class=\"wp-block-image size-large\"><img loading=\"lazy\" decoding=\"async\" width=\"120\" height=\"121\" data-id=\"144\" src=\"https:\/\/www.v-tools.es\/wp-content\/uploads\/2023\/11\/igualdad-genero.png\" alt=\"\" class=\"wp-image-144\" srcset=\"https:\/\/www.v-tools.es\/wp-content\/uploads\/2023\/11\/igualdad-genero.png 120w, https:\/\/www.v-tools.es\/wp-content\/uploads\/2023\/11\/igualdad-genero-100x100.png 100w\" sizes=\"auto, (max-width: 120px) 100vw, 120px\" \/><\/figure>\n\n\n\n<figure class=\"wp-block-image size-large\"><img loading=\"lazy\" decoding=\"async\" width=\"120\" height=\"121\" data-id=\"145\" src=\"https:\/\/www.v-tools.es\/wp-content\/uploads\/2023\/11\/trabajo-digno.png\" alt=\"\" class=\"wp-image-145\" srcset=\"https:\/\/www.v-tools.es\/wp-content\/uploads\/2023\/11\/trabajo-digno.png 120w, https:\/\/www.v-tools.es\/wp-content\/uploads\/2023\/11\/trabajo-digno-100x100.png 100w\" sizes=\"auto, (max-width: 120px) 100vw, 120px\" \/><\/figure>\n\n\n\n<figure class=\"wp-block-image size-large\"><img loading=\"lazy\" decoding=\"async\" width=\"120\" height=\"121\" data-id=\"147\" src=\"https:\/\/www.v-tools.es\/wp-content\/uploads\/2023\/11\/igualdad.png\" alt=\"\" class=\"wp-image-147\" srcset=\"https:\/\/www.v-tools.es\/wp-content\/uploads\/2023\/11\/igualdad.png 120w, https:\/\/www.v-tools.es\/wp-content\/uploads\/2023\/11\/igualdad-100x100.png 100w\" sizes=\"auto, (max-width: 120px) 100vw, 120px\" \/><\/figure>\n<\/figure>\n\n\r\n\t\t\t \r\n\t\t<\/div>\r\n\t\n\r\n\t\t\t \r\n\t\t<\/div>\r\n\t\n\r\n\t\t\t \r\n\t\t<\/div>\r\n\t","protected":false},"excerpt":{"rendered":"","protected":false},"author":1,"featured_media":0,"parent":0,"menu_order":0,"comment_status":"closed","ping_status":"closed","template":"","meta":{"_acf_changed":false,"footnotes":""},"class_list":["post-804","page","type-page","status-publish","hentry"],"acf":[],"_links":{"self":[{"href":"https:\/\/www.v-tools.es\/ca\/wp-json\/wp\/v2\/pages\/804","targetHints":{"allow":["GET"]}}],"collection":[{"href":"https:\/\/www.v-tools.es\/ca\/wp-json\/wp\/v2\/pages"}],"about":[{"href":"https:\/\/www.v-tools.es\/ca\/wp-json\/wp\/v2\/types\/page"}],"author":[{"embeddable":true,"href":"https:\/\/www.v-tools.es\/ca\/wp-json\/wp\/v2\/users\/1"}],"replies":[{"embeddable":true,"href":"https:\/\/www.v-tools.es\/ca\/wp-json\/wp\/v2\/comments?post=804"}],"version-history":[{"count":2,"href":"https:\/\/www.v-tools.es\/ca\/wp-json\/wp\/v2\/pages\/804\/revisions"}],"predecessor-version":[{"id":1449,"href":"https:\/\/www.v-tools.es\/ca\/wp-json\/wp\/v2\/pages\/804\/revisions\/1449"}],"wp:attachment":[{"href":"https:\/\/www.v-tools.es\/ca\/wp-json\/wp\/v2\/media?parent=804"}],"curies":[{"name":"wp","href":"https:\/\/api.w.org\/{rel}","templated":true}]}}