{"id":1558,"date":"2024-09-10T11:55:28","date_gmt":"2024-09-10T09:55:28","guid":{"rendered":"https:\/\/www.v-tools.es\/producto-caducado\/"},"modified":"2024-09-10T13:00:09","modified_gmt":"2024-09-10T11:00:09","slug":"producte-caducat","status":"publish","type":"page","link":"https:\/\/www.v-tools.es\/ca\/producte-caducat\/","title":{"rendered":"Producte caducat"},"content":{"rendered":"\r\n\t\t<div  class=\"block-507d20e4-59c9-4ca9-ae0b-88808c53ec5f areoi-element mb-6\">\r\n\t\t\t\r\n\t\t\t\n\r\n\t\t<div  class=\"block-5bceaa77-6f1d-44d9-ae45-795fa725ed5c row areoi-element row-mobile\">\r\n\t\t\t\r\n\r\n\t\t\t\n\r\n\t\t<div  class=\"block-c341aa12-1134-4bb4-a88b-494addc1ca40 col areoi-element mb-5 col-8\">\r\n\t\t\t\r\n\t\t\t\n\n<h2 class=\"wp-block-heading title-pink text-big\">Producte <strong>caducat<\/strong><\/h2>\n\n\n\n<p class=\"text-pink1 fs-24 mt-5\">\u00a1T&#8217;informem que la teva comanda ja ha caducat!<\/p>\n\n\n\n<p>En cas de voler tornar a comprar-ho pots accedir a la nostra botiga a trav\u00e9s del seg\u00fcent enlla\u00e7:<\/p>\n\n\n\r\n\t\t<div  class=\"block-28c95dd2-fa8b-4cb9-b180-1637d7f7b33e areoi-element d-flex justify-content-center mt-5\">\r\n\t\t\t\r\n\t\t\t\n\r\n\t\t\t\t\r\n\t\t<a \r\n\t\t\t\r\n\t\t\tclass=\"block-3c3bfd5e-1339-4b31-9791-75c84eb4a683 btn areoi-has-url position-relative btn-pink bold btn-collapse btn-primary\"\r\n\t href=\"https:\/\/www.v-tools.es\/ca\/solucions-pedagogiques\/\" >\r\n\t\t\t\t\t\r\n\t\t\t\t\tAnar a la botiga \r\n\t\t\t\t\t\r\n\t\t\t\t\t \r\n\t\t\t\t<\/a>\r\n\t\t\t\n\r\n\t\t\t \r\n\t\t<\/div>\r\n\t\n \r\n\t\t\t\r\n\t\t<\/div>\r\n\t\n\n\r\n\t\t<div  class=\"block-6980229b-e099-4009-9348-004590896c3d col areoi-element col-4\">\r\n\t\t\t\r\n\t\t\t\n\n<figure class=\"wp-block-image size-full mb-0 luz box-radius\"><img decoding=\"async\" src=\"https:\/\/www.v-tools.es\/wp-content\/uploads\/2023\/12\/Subrepresentacion-e1701703980447.png\" alt=\"\" class=\"wp-image-770\"\/><\/figure>\n\n \r\n\t\t\t\r\n\t\t<\/div>\r\n\t\n \r\n\t\t<\/div>\r\n\t\n\r\n\t\t\t \r\n\t\t<\/div>\r\n\t","protected":false},"excerpt":{"rendered":"","protected":false},"author":1,"featured_media":0,"parent":0,"menu_order":0,"comment_status":"closed","ping_status":"closed","template":"","meta":{"_acf_changed":false,"footnotes":""},"class_list":["post-1558","page","type-page","status-publish","hentry"],"acf":[],"_links":{"self":[{"href":"https:\/\/www.v-tools.es\/ca\/wp-json\/wp\/v2\/pages\/1558","targetHints":{"allow":["GET"]}}],"collection":[{"href":"https:\/\/www.v-tools.es\/ca\/wp-json\/wp\/v2\/pages"}],"about":[{"href":"https:\/\/www.v-tools.es\/ca\/wp-json\/wp\/v2\/types\/page"}],"author":[{"embeddable":true,"href":"https:\/\/www.v-tools.es\/ca\/wp-json\/wp\/v2\/users\/1"}],"replies":[{"embeddable":true,"href":"https:\/\/www.v-tools.es\/ca\/wp-json\/wp\/v2\/comments?post=1558"}],"version-history":[{"count":1,"href":"https:\/\/www.v-tools.es\/ca\/wp-json\/wp\/v2\/pages\/1558\/revisions"}],"predecessor-version":[{"id":1561,"href":"https:\/\/www.v-tools.es\/ca\/wp-json\/wp\/v2\/pages\/1558\/revisions\/1561"}],"wp:attachment":[{"href":"https:\/\/www.v-tools.es\/ca\/wp-json\/wp\/v2\/media?parent=1558"}],"curies":[{"name":"wp","href":"https:\/\/api.w.org\/{rel}","templated":true}]}}